{"id":100,"date":"2013-11-25T15:18:35","date_gmt":"2013-11-25T14:18:35","guid":{"rendered":"http:\/\/andalhome.com\/?page_id=100"},"modified":"2017-08-01T19:45:47","modified_gmt":"2017-08-01T17:45:47","slug":"tarjeta-residente","status":"publish","type":"page","link":"https:\/\/andalhome.com\/en\/visado\/tarjeta-residente\/","title":{"rendered":"Tarjeta Residente"},"content":{"rendered":"<div class=\"row\">\n\t<div class=\"wpb_content_element span12 wpb_text_column\">\n\t\t<div class=\"wpb_wrapper clearfix\">\n\t\t\t\n<p>Para poder viajar a nuestro pa\u00eds, es necesario un visado de entrada. Dicho visado se solicita en el Consulado o Embajada en el pa\u00eds de origen.<\/p>\n<p>Existen distintas modalidades de visado de entrada, entre las que destacamos: Visado de tr\u00e1nsito, Visado de Turista, Visado de Trabajo, Visado de Estudiante o Visado Diplom\u00e1tico, cada uno de ellos con sus caracter\u00edsticas correspondientes.<\/p>\n<p>Desde nuestra empresa, manejamos una amplia variedad de los visados necesarios para la solicitud de la tarjeta de residencia temporal que se clasifican en funci\u00f3n de las relaciones familiares, negocio, empleo e inversi\u00f3n, destacando entre ellos los siguientes:<\/p>\n\n\t\t<\/div> \n\t<\/div> <\/div>\n <div class=\"row\">\n\t<div class=\"wpb_content_element span3 wpb_text_column\">\n\t\t<div class=\"wpb_wrapper clearfix\">\n\t\t\t\n<p><a href=\"http:\/\/andalhome.com\/wp-content\/uploads\/2013\/11\/icon.png\"><img loading=\"lazy\" decoding=\"async\" class=\"alignnone size-full wp-image-533 alignright\" src=\"http:\/\/andalhome.com\/wp-content\/uploads\/2013\/11\/icon.png\" alt=\"icon\" width=\"121\" height=\"121\" srcset=\"https:\/\/andalhome.com\/wp-content\/uploads\/2013\/11\/icon.png 121w, https:\/\/andalhome.com\/wp-content\/uploads\/2013\/11\/icon-90x90.png 90w\" sizes=\"(max-width: 121px) 100vw, 121px\" \/><\/a><\/p>\n\n\t\t<\/div> \n\t<\/div>  \n\t<div class=\"wpb_content_element span9 wpb_text_column\">\n\t\t<div class=\"wpb_wrapper clearfix\">\n\t\t\t\n<ul>\n<li>Temporal no lucrativa, es una autorizaci\u00f3n de residencia temporal sin realizar actividades laborales o profesionales. Se tiene que demostrar que la persona solicitante dispone de los medios econ\u00f3micos suficientes para permanecer en el pa\u00eds.<\/li>\n<li>Temporal por reagrupaci\u00f3n familiar, es una autorizaci\u00f3n temporal para familiares que tengan ya concedida una tarjeta temporal.<\/li>\n<li>Temporal y trabajo por cuenta ajena, es una autorizaci\u00f3n de residencia temporal que permite trabajar por cuenta ajena.<\/li>\n<li>Temporal y trabajo por cuenta propia, es una autorizaci\u00f3n de residencia temporal que permite trabajar por cuenta propia.<\/li>\n<li>Temporal por Adquisici\u00f3n Inmobiliaria superior a 500.000 Euros., tienen que realizar una inversi\u00f3n m\u00ednima de 500.000 Euros.<\/li>\n<\/ul>\n\n\t\t<\/div> \n\t<\/div> <\/div>\n <div class=\"row\"><div class=\"wpb_impact_text wpb_content_element clearfix alt-bg alt-three span12 cta_align_right\">\n<div class=\"impact-text-wrap clearfix\">\n<div class=\"wpb_call_text\">\n<p>&nbsp;<\/p>\n<h2>Accede a los requisitos previos y documentaci\u00f3n necesaria para realizar la tarjeta de residente.<\/h2>\n<\/div>\n<a class=\"wpb_button sf-button large lightgrey squarearrow\" href=\"http:\/\/andalhome.com\/instrucciones-del-tramite\/\" target=\"_self\"><span>Mira aqu\u00ed<\/span><span class=\"arrow\"><\/span><\/a>\n<\/div>\n<\/div> \n<\/div>\n\n","protected":false},"excerpt":{"rendered":"","protected":false},"author":1,"featured_media":0,"parent":107,"menu_order":0,"comment_status":"closed","ping_status":"closed","template":"","meta":{"footnotes":""},"translation":{"provider":"WPGlobus","version":"2.12.2","language":"en","enabled_languages":["es","en"],"languages":{"es":{"title":true,"content":true,"excerpt":false},"en":{"title":false,"content":false,"excerpt":false}}},"yoast_head":"<!-- This site is optimized with the Yoast SEO plugin v22.1 - https:\/\/yoast.com\/wordpress\/plugins\/seo\/ -->\n<title>Tarjeta Residente &#8211; ANDALHOME<\/title>\n<meta name=\"robots\" content=\"index, follow, max-snippet:-1, max-image-preview:large, max-video-preview:-1\" \/>\n<link rel=\"canonical\" href=\"https:\/\/andalhome.com\/visado\/tarjeta-residente\/\" \/>\n<meta property=\"og:locale\" content=\"en_US\" \/>\n<meta property=\"og:type\" content=\"article\" \/>\n<meta property=\"og:title\" content=\"Tarjeta Residente &#8211; ANDALHOME\" \/>\n<meta property=\"og:url\" content=\"https:\/\/andalhome.com\/visado\/tarjeta-residente\/\" \/>\n<meta property=\"og:site_name\" content=\"ANDALHOME\" \/>\n<meta property=\"article:publisher\" content=\"http:\/\/www.facebook.com\/andalhome\" \/>\n<meta property=\"article:modified_time\" content=\"2017-08-01T17:45:47+00:00\" \/>\n<meta property=\"og:image\" content=\"http:\/\/andalhome.com\/wp-content\/uploads\/2013\/11\/icon.png\" \/>\n<meta name=\"twitter:label1\" content=\"Est. reading time\" \/>\n\t<meta name=\"twitter:data1\" content=\"2 minutes\" \/>\n<script type=\"application\/ld+json\" class=\"yoast-schema-graph\">{\"@context\":\"https:\/\/schema.org\",\"@graph\":[{\"@type\":\"WebPage\",\"@id\":\"https:\/\/andalhome.com\/visado\/tarjeta-residente\/\",\"url\":\"https:\/\/andalhome.com\/visado\/tarjeta-residente\/\",\"name\":\"Tarjeta Residente &#8211; ANDALHOME\",\"isPartOf\":{\"@id\":\"https:\/\/andalhome.com\/#website\"},\"datePublished\":\"2013-11-25T14:18:35+00:00\",\"dateModified\":\"2017-08-01T17:45:47+00:00\",\"description\":\"Desde nuestra empresa, manejamos una amplia variedad de los visados necesarios para la solicitud de la tarjeta de residencia temporal que se clasifican en funci\u00f3n de las relaciones familiares, negocio, empleo e inversi\u00f3n,\",\"breadcrumb\":{\"@id\":\"https:\/\/andalhome.com\/visado\/tarjeta-residente\/#breadcrumb\"},\"inLanguage\":\"en-US\",\"potentialAction\":[{\"@type\":\"ReadAction\",\"target\":[\"https:\/\/andalhome.com\/visado\/tarjeta-residente\/\"]}]},{\"@type\":\"BreadcrumbList\",\"@id\":\"https:\/\/andalhome.com\/visado\/tarjeta-residente\/#breadcrumb\",\"itemListElement\":[{\"@type\":\"ListItem\",\"position\":1,\"name\":\"Visado\",\"item\":\"https:\/\/andalhome.com\/visado\/\"},{\"@type\":\"ListItem\",\"position\":2,\"name\":\"Tarjeta Residente\"}]},{\"@type\":\"WebSite\",\"@id\":\"https:\/\/andalhome.com\/#website\",\"url\":\"https:\/\/andalhome.com\/\",\"name\":\"ANDALHOME\",\"description\":\"ANDALHOME OFFERS YOU A COMPREHENSIVE REAL ESTATE SERVICE FROM PURCHASE\/RENTAL TO FINANCING AND OF COURSE ALL THE ADVICE YOU NEED\",\"publisher\":{\"@id\":\"https:\/\/andalhome.com\/#organization\"},\"potentialAction\":[{\"@type\":\"SearchAction\",\"target\":{\"@type\":\"EntryPoint\",\"urlTemplate\":\"https:\/\/andalhome.com\/?s={search_term_string}\"},\"query-input\":\"required name=search_term_string\"}],\"inLanguage\":\"en-US\"},{\"@type\":\"Organization\",\"@id\":\"https:\/\/andalhome.com\/#organization\",\"name\":\"Andalhome\",\"url\":\"https:\/\/andalhome.com\/\",\"logo\":{\"@type\":\"ImageObject\",\"inLanguage\":\"en-US\",\"@id\":\"https:\/\/andalhome.com\/#\/schema\/logo\/image\/\",\"url\":\"https:\/\/andalhome.com\/wp-content\/uploads\/2015\/10\/image003.jpg\",\"contentUrl\":\"https:\/\/andalhome.com\/wp-content\/uploads\/2015\/10\/image003.jpg\",\"width\":957,\"height\":212,\"caption\":\"Andalhome\"},\"image\":{\"@id\":\"https:\/\/andalhome.com\/#\/schema\/logo\/image\/\"},\"sameAs\":[\"http:\/\/www.facebook.com\/andalhome\"]}]}<\/script>\n<!-- \/ Yoast SEO plugin. -->","yoast_head_json":{"title":"Tarjeta Residente &#8211; ANDALHOME","robots":{"index":"index","follow":"follow","max-snippet":"max-snippet:-1","max-image-preview":"max-image-preview:large","max-video-preview":"max-video-preview:-1"},"canonical":"https:\/\/andalhome.com\/visado\/tarjeta-residente\/","og_locale":"en_US","og_type":"article","og_title":"Tarjeta Residente &#8211; ANDALHOME","og_url":"https:\/\/andalhome.com\/visado\/tarjeta-residente\/","og_site_name":"ANDALHOME","article_publisher":"http:\/\/www.facebook.com\/andalhome","article_modified_time":"2017-08-01T17:45:47+00:00","og_image":[{"url":"http:\/\/andalhome.com\/wp-content\/uploads\/2013\/11\/icon.png"}],"twitter_misc":{"Est. reading time":"2 minutes"},"schema":{"@context":"https:\/\/schema.org","@graph":[{"@type":"WebPage","@id":"https:\/\/andalhome.com\/visado\/tarjeta-residente\/","url":"https:\/\/andalhome.com\/visado\/tarjeta-residente\/","name":"Tarjeta Residente &#8211; ANDALHOME","isPartOf":{"@id":"https:\/\/andalhome.com\/#website"},"datePublished":"2013-11-25T14:18:35+00:00","dateModified":"2017-08-01T17:45:47+00:00","description":"Desde nuestra empresa, manejamos una amplia variedad de los visados necesarios para la solicitud de la tarjeta de residencia temporal que se clasifican en funci\u00f3n de las relaciones familiares, negocio, empleo e inversi\u00f3n,","breadcrumb":{"@id":"https:\/\/andalhome.com\/visado\/tarjeta-residente\/#breadcrumb"},"inLanguage":"en-US","potentialAction":[{"@type":"ReadAction","target":["https:\/\/andalhome.com\/visado\/tarjeta-residente\/"]}]},{"@type":"BreadcrumbList","@id":"https:\/\/andalhome.com\/visado\/tarjeta-residente\/#breadcrumb","itemListElement":[{"@type":"ListItem","position":1,"name":"Visado","item":"https:\/\/andalhome.com\/visado\/"},{"@type":"ListItem","position":2,"name":"Tarjeta Residente"}]},{"@type":"WebSite","@id":"https:\/\/andalhome.com\/#website","url":"https:\/\/andalhome.com\/","name":"ANDALHOME","description":"ANDALHOME OFFERS YOU A COMPREHENSIVE REAL ESTATE SERVICE FROM PURCHASE\/RENTAL TO FINANCING AND OF COURSE ALL THE ADVICE YOU NEED","publisher":{"@id":"https:\/\/andalhome.com\/#organization"},"potentialAction":[{"@type":"SearchAction","target":{"@type":"EntryPoint","urlTemplate":"https:\/\/andalhome.com\/?s={search_term_string}"},"query-input":"required name=search_term_string"}],"inLanguage":"en-US"},{"@type":"Organization","@id":"https:\/\/andalhome.com\/#organization","name":"Andalhome","url":"https:\/\/andalhome.com\/","logo":{"@type":"ImageObject","inLanguage":"en-US","@id":"https:\/\/andalhome.com\/#\/schema\/logo\/image\/","url":"https:\/\/andalhome.com\/wp-content\/uploads\/2015\/10\/image003.jpg","contentUrl":"https:\/\/andalhome.com\/wp-content\/uploads\/2015\/10\/image003.jpg","width":957,"height":212,"caption":"Andalhome"},"image":{"@id":"https:\/\/andalhome.com\/#\/schema\/logo\/image\/"},"sameAs":["http:\/\/www.facebook.com\/andalhome"]}]}},"_links":{"self":[{"href":"https:\/\/andalhome.com\/en\/wp-json\/wp\/v2\/pages\/100"}],"collection":[{"href":"https:\/\/andalhome.com\/en\/wp-json\/wp\/v2\/pages"}],"about":[{"href":"https:\/\/andalhome.com\/en\/wp-json\/wp\/v2\/types\/page"}],"author":[{"embeddable":true,"href":"https:\/\/andalhome.com\/en\/wp-json\/wp\/v2\/users\/1"}],"replies":[{"embeddable":true,"href":"https:\/\/andalhome.com\/en\/wp-json\/wp\/v2\/comments?post=100"}],"version-history":[{"count":16,"href":"https:\/\/andalhome.com\/en\/wp-json\/wp\/v2\/pages\/100\/revisions"}],"predecessor-version":[{"id":4213,"href":"https:\/\/andalhome.com\/en\/wp-json\/wp\/v2\/pages\/100\/revisions\/4213"}],"up":[{"embeddable":true,"href":"https:\/\/andalhome.com\/en\/wp-json\/wp\/v2\/pages\/107"}],"wp:attachment":[{"href":"https:\/\/andalhome.com\/en\/wp-json\/wp\/v2\/media?parent=100"}],"curies":[{"name":"wp","href":"https:\/\/api.w.org\/{rel}","templated":true}]}}