{"id":21,"date":"2013-11-25T11:29:00","date_gmt":"2013-11-25T10:29:00","guid":{"rendered":"http:\/\/andalhome.com\/?page_id=21"},"modified":"2017-07-08T18:24:11","modified_gmt":"2017-07-08T16:24:11","slug":"empresa","status":"publish","type":"page","link":"https:\/\/andalhome.com\/en\/empresa\/","title":{"rendered":"\u00bfQuieres Conocernos?"},"content":{"rendered":"<div class=\"row\">\n\t<div class=\"wpb_content_element span3 wpb_text_column\">\n\t\t<div class=\"wpb_wrapper clearfix\">\n\t\t\t\n<p style=\"text-align: center;\"><div class=\"chart-shortcode chart-170 chart-center\" data-linewidth=\"12\" data-percent=\"0\" data-animatepercent=\"100\" data-size=\"170\" data-barcolor=\"#fbc900\" data-trackcolor=\"#fff3cc\"><span><i class=\"icon-group\"><\/i><\/span><\/div>\n<p style=\"text-align: center;\"><strong>Confianza<\/strong><\/p>\n\n\t\t<\/div> \n\t<\/div>  \n\t<div class=\"wpb_content_element span3 wpb_text_column\">\n\t\t<div class=\"wpb_wrapper clearfix\">\n\t\t\t\n<p style=\"text-align: center;\"><div class=\"chart-shortcode chart-170 chart-center\" data-linewidth=\"12\" data-percent=\"0\" data-animatepercent=\"100\" data-size=\"170\" data-barcolor=\"#fbc900\" data-trackcolor=\"#fff3cc\"><span><i class=\"icon-ok\"><\/i><\/span><\/div>\n<p style=\"text-align: center;\"><strong>Compromiso\u00a0<\/strong><\/p>\n\n\t\t<\/div> \n\t<\/div>  \n\t<div class=\"wpb_content_element span3 wpb_text_column\">\n\t\t<div class=\"wpb_wrapper clearfix\">\n\t\t\t\n<p style=\"text-align: center;\"><div class=\"chart-shortcode chart-170 chart-center\" data-linewidth=\"12\" data-percent=\"0\" data-animatepercent=\"100\" data-size=\"170\" data-barcolor=\"#fbc900\" data-trackcolor=\"#fff3cc\"><span><i class=\"icon-briefcase\"><\/i><\/span><\/div>\n<p style=\"text-align: center;\"><strong>Profesionalidad<\/strong><\/p>\n\n\t\t<\/div> \n\t<\/div>  \n\t<div class=\"wpb_content_element span3 wpb_text_column\">\n\t\t<div class=\"wpb_wrapper clearfix\">\n\t\t\t\n<p style=\"text-align: center;\"><div class=\"chart-shortcode chart-170 chart-center\" data-linewidth=\"12\" data-percent=\"0\" data-animatepercent=\"100\" data-size=\"170\" data-barcolor=\"#fbc900\" data-trackcolor=\"#fff3cc\"><span><i class=\"icon-signal\"><\/i><\/span><\/div>\n<p style=\"text-align: center;\"><strong>Eficacia<\/strong><\/p>\n\n\t\t<\/div> \n\t<\/div> <\/div>\n <div class=\"blank_spacer span12 \" style=\"height:30px;\"><\/div>\n <div class=\"row\"><div class=\"wpb_divider standard wpb_content_element span12 \"><\/div>\n<\/div>\n <div class=\"blank_spacer span12 \" style=\"height:30px;\"><\/div>\n <div class=\"row\">\n\t<div class=\"wpb_content_element span6 wpb_text_column\">\n\t\t<div class=\"wpb_wrapper clearfix\">\n\t\t\t\n<p>&nbsp;<\/p>\n<h2 style=\"text-align: center;\"><strong>AndalHome<\/strong><\/h2>\n<p style=\"text-align: left;\"><strong>\u00a0<\/strong>Es un proyecto empresarial que surgi\u00f3, como muchos buenos proyectos, fruto de la casualidad. A ra\u00edz de algunas reflexiones sobre las necesidades que tienen las personas que desean invertir o residir en Espa\u00f1a.Esta escasez de informaci\u00f3n, de conocimiento del pa\u00eds, de asesoramiento en definitiva en muchas materias, etc., entend\u00edamos que pueden ser paliadas por un servicio profesional permanente de asesoramiento \u00a0especializado y con presencia \u201cin situ\u201d acompa\u00f1ando al cliente. Y por tanto se hac\u00eda necesario contar con una persona de confianza que guie y asesore al cliente, de manera profesional, en cualquier proyecto o inversi\u00f3n inicial en nuestro pa\u00eds. De esta forma despejar\u00edamos todas las incertidumbres y carencias que pudieran tener nuestros clientes cuando nos visitan por primera vez.<\/p>\n<p>Nuestro principal objetivo es cumplir con las expectativas de nuestros clientes y ganarnos su confianza, queremos ser su persona de referencia en nuestro pa\u00eds sirvi\u00e9ndole de gu\u00eda en todo cuanto pueda necesitar.<\/p>\n\n\t\t<\/div> \n\t<\/div>  \n\t<div class=\"wpb_content_element span6 wpb_text_column\">\n\t\t<div class=\"wpb_wrapper clearfix\">\n\t\t\t\n<p>&nbsp;<\/p>\n<h2 style=\"text-align: center;\"><strong>Nuestra filosof\u00eda empresarial<\/strong><\/h2>\n<p>Se basa en el mantenimiento de un firme compromiso con nuestros clientes; nuestra labor no acaba cuando concluye la transacci\u00f3n, sino que nos preocupamos por mantener las relaciones a largo plazo con las personas que nos contratan, ofreci\u00e9ndoles los mejores servicios una vez realizada su inversi\u00f3n en Espa\u00f1a; mantenimiento de la vivienda, decoraci\u00f3n, gesti\u00f3n de suministros, creaci\u00f3n de empresas\u2026 En definitiva, nos convertiremos en su asesor de confianza en Espa\u00f1a.<br \/>\n<div class=\"blank_spacer span12 \" style=\"height:58px;\"><\/div>\n\n<h2 style=\"text-align: center;\"><strong>La clave de nuestro \u00e9xito<\/strong><\/h2>\n<p>Recae en nuestro factor humano, contamos con un equipo de profesionales con m\u00e1s de 20 a\u00f1os de experiencia en el campo de la banca, gestor\u00eda y comercializaci\u00f3n de productos.<strong>\u00a0<\/strong><strong><br \/>\n<\/strong><\/p>\n\n\t\t<\/div> \n\t<\/div> <\/div>\n <div class=\"blank_spacer span12 \" style=\"height:30px;\"><\/div>\n\n","protected":false},"excerpt":{"rendered":"","protected":false},"author":1,"featured_media":0,"parent":0,"menu_order":0,"comment_status":"open","ping_status":"open","template":"","meta":{"footnotes":""},"translation":{"provider":"WPGlobus","version":"2.12.2","language":"en","enabled_languages":["es","en"],"languages":{"es":{"title":true,"content":true,"excerpt":false},"en":{"title":false,"content":false,"excerpt":false}}},"yoast_head":"<!-- This site is optimized with the Yoast SEO plugin v22.1 - https:\/\/yoast.com\/wordpress\/plugins\/seo\/ -->\n<title>\u00bfQuieres Conocernos? &#8211; ANDALHOME<\/title>\n<meta name=\"robots\" content=\"index, follow, max-snippet:-1, max-image-preview:large, max-video-preview:-1\" \/>\n<link rel=\"canonical\" href=\"https:\/\/andalhome.com\/empresa\/\" \/>\n<meta property=\"og:locale\" content=\"en_US\" \/>\n<meta property=\"og:type\" content=\"article\" \/>\n<meta property=\"og:title\" content=\"\u00bfQuieres Conocernos? &#8211; ANDALHOME\" \/>\n<meta property=\"og:url\" content=\"https:\/\/andalhome.com\/empresa\/\" \/>\n<meta property=\"og:site_name\" content=\"ANDALHOME\" \/>\n<meta property=\"article:publisher\" content=\"http:\/\/www.facebook.com\/andalhome\" \/>\n<meta property=\"article:modified_time\" content=\"2017-07-08T16:24:11+00:00\" \/>\n<meta property=\"og:image\" content=\"https:\/\/andalhome.com\/wp-content\/uploads\/2015\/10\/ANDALHOME-el-logotipo-de-facebook.png\" \/>\n\t<meta property=\"og:image:width\" content=\"468\" \/>\n\t<meta property=\"og:image:height\" content=\"70\" \/>\n\t<meta property=\"og:image:type\" content=\"image\/png\" \/>\n<meta name=\"twitter:label1\" content=\"Est. reading time\" \/>\n\t<meta name=\"twitter:data1\" content=\"3 minutes\" \/>\n<script type=\"application\/ld+json\" class=\"yoast-schema-graph\">{\"@context\":\"https:\/\/schema.org\",\"@graph\":[{\"@type\":\"WebPage\",\"@id\":\"https:\/\/andalhome.com\/empresa\/\",\"url\":\"https:\/\/andalhome.com\/empresa\/\",\"name\":\"\u00bfQuieres Conocernos? &#8211; ANDALHOME\",\"isPartOf\":{\"@id\":\"https:\/\/andalhome.com\/#website\"},\"datePublished\":\"2013-11-25T10:29:00+00:00\",\"dateModified\":\"2017-07-08T16:24:11+00:00\",\"description\":\"Nuestro exito es nuestro factor humano, un equipo de profesionales con m\u00e1s de 20 a\u00f1os de experiencia en banca, empresa, gestor\u00eda y venta de productos.\",\"inLanguage\":\"en-US\",\"potentialAction\":[{\"@type\":\"ReadAction\",\"target\":[\"https:\/\/andalhome.com\/empresa\/\"]}]},{\"@type\":\"WebSite\",\"@id\":\"https:\/\/andalhome.com\/#website\",\"url\":\"https:\/\/andalhome.com\/\",\"name\":\"ANDALHOME\",\"description\":\"ANDALHOME OFFERS YOU A COMPREHENSIVE REAL ESTATE SERVICE FROM PURCHASE\/RENTAL TO FINANCING AND OF COURSE ALL THE ADVICE YOU NEED\",\"publisher\":{\"@id\":\"https:\/\/andalhome.com\/#organization\"},\"potentialAction\":[{\"@type\":\"SearchAction\",\"target\":{\"@type\":\"EntryPoint\",\"urlTemplate\":\"https:\/\/andalhome.com\/?s={search_term_string}\"},\"query-input\":\"required name=search_term_string\"}],\"inLanguage\":\"en-US\"},{\"@type\":\"Organization\",\"@id\":\"https:\/\/andalhome.com\/#organization\",\"name\":\"Andalhome\",\"url\":\"https:\/\/andalhome.com\/\",\"logo\":{\"@type\":\"ImageObject\",\"inLanguage\":\"en-US\",\"@id\":\"https:\/\/andalhome.com\/#\/schema\/logo\/image\/\",\"url\":\"https:\/\/andalhome.com\/wp-content\/uploads\/2015\/10\/image003.jpg\",\"contentUrl\":\"https:\/\/andalhome.com\/wp-content\/uploads\/2015\/10\/image003.jpg\",\"width\":957,\"height\":212,\"caption\":\"Andalhome\"},\"image\":{\"@id\":\"https:\/\/andalhome.com\/#\/schema\/logo\/image\/\"},\"sameAs\":[\"http:\/\/www.facebook.com\/andalhome\"]}]}<\/script>\n<!-- \/ Yoast SEO plugin. -->","yoast_head_json":{"title":"\u00bfQuieres Conocernos? &#8211; ANDALHOME","robots":{"index":"index","follow":"follow","max-snippet":"max-snippet:-1","max-image-preview":"max-image-preview:large","max-video-preview":"max-video-preview:-1"},"canonical":"https:\/\/andalhome.com\/empresa\/","og_locale":"en_US","og_type":"article","og_title":"\u00bfQuieres Conocernos? &#8211; ANDALHOME","og_url":"https:\/\/andalhome.com\/empresa\/","og_site_name":"ANDALHOME","article_publisher":"http:\/\/www.facebook.com\/andalhome","article_modified_time":"2017-07-08T16:24:11+00:00","og_image":[{"width":468,"height":70,"url":"https:\/\/andalhome.com\/wp-content\/uploads\/2015\/10\/ANDALHOME-el-logotipo-de-facebook.png","type":"image\/png"}],"twitter_misc":{"Est. reading time":"3 minutes"},"schema":{"@context":"https:\/\/schema.org","@graph":[{"@type":"WebPage","@id":"https:\/\/andalhome.com\/empresa\/","url":"https:\/\/andalhome.com\/empresa\/","name":"\u00bfQuieres Conocernos? &#8211; ANDALHOME","isPartOf":{"@id":"https:\/\/andalhome.com\/#website"},"datePublished":"2013-11-25T10:29:00+00:00","dateModified":"2017-07-08T16:24:11+00:00","description":"Nuestro exito es nuestro factor humano, un equipo de profesionales con m\u00e1s de 20 a\u00f1os de experiencia en banca, empresa, gestor\u00eda y venta de productos.","inLanguage":"en-US","potentialAction":[{"@type":"ReadAction","target":["https:\/\/andalhome.com\/empresa\/"]}]},{"@type":"WebSite","@id":"https:\/\/andalhome.com\/#website","url":"https:\/\/andalhome.com\/","name":"ANDALHOME","description":"ANDALHOME OFFERS YOU A COMPREHENSIVE REAL ESTATE SERVICE FROM PURCHASE\/RENTAL TO FINANCING AND OF COURSE ALL THE ADVICE YOU NEED","publisher":{"@id":"https:\/\/andalhome.com\/#organization"},"potentialAction":[{"@type":"SearchAction","target":{"@type":"EntryPoint","urlTemplate":"https:\/\/andalhome.com\/?s={search_term_string}"},"query-input":"required name=search_term_string"}],"inLanguage":"en-US"},{"@type":"Organization","@id":"https:\/\/andalhome.com\/#organization","name":"Andalhome","url":"https:\/\/andalhome.com\/","logo":{"@type":"ImageObject","inLanguage":"en-US","@id":"https:\/\/andalhome.com\/#\/schema\/logo\/image\/","url":"https:\/\/andalhome.com\/wp-content\/uploads\/2015\/10\/image003.jpg","contentUrl":"https:\/\/andalhome.com\/wp-content\/uploads\/2015\/10\/image003.jpg","width":957,"height":212,"caption":"Andalhome"},"image":{"@id":"https:\/\/andalhome.com\/#\/schema\/logo\/image\/"},"sameAs":["http:\/\/www.facebook.com\/andalhome"]}]}},"_links":{"self":[{"href":"https:\/\/andalhome.com\/en\/wp-json\/wp\/v2\/pages\/21"}],"collection":[{"href":"https:\/\/andalhome.com\/en\/wp-json\/wp\/v2\/pages"}],"about":[{"href":"https:\/\/andalhome.com\/en\/wp-json\/wp\/v2\/types\/page"}],"author":[{"embeddable":true,"href":"https:\/\/andalhome.com\/en\/wp-json\/wp\/v2\/users\/1"}],"replies":[{"embeddable":true,"href":"https:\/\/andalhome.com\/en\/wp-json\/wp\/v2\/comments?post=21"}],"version-history":[{"count":44,"href":"https:\/\/andalhome.com\/en\/wp-json\/wp\/v2\/pages\/21\/revisions"}],"predecessor-version":[{"id":864,"href":"https:\/\/andalhome.com\/en\/wp-json\/wp\/v2\/pages\/21\/revisions\/864"}],"wp:attachment":[{"href":"https:\/\/andalhome.com\/en\/wp-json\/wp\/v2\/media?parent=21"}],"curies":[{"name":"wp","href":"https:\/\/api.w.org\/{rel}","templated":true}]}}