{"id":22,"date":"2013-11-25T11:20:16","date_gmt":"2013-11-25T10:20:16","guid":{"rendered":"http:\/\/andalhome.com\/?page_id=22"},"modified":"2017-07-16T15:05:11","modified_gmt":"2017-07-16T13:05:11","slug":"quienes-somos","status":"publish","type":"page","link":"https:\/\/andalhome.com\/en\/empresa\/quienes-somos\/","title":{"rendered":"Quienes somos"},"content":{"rendered":"<div class=\"row\">\n\t<div class=\"wpb_content_element span3 wpb_text_column\">\n\t\t<div class=\"wpb_wrapper clearfix\">\n\t\t\t\n<div class=\"chart-shortcode chart-170 chart-center\" data-linewidth=\"12\" data-percent=\"0\" data-animatepercent=\"100\" data-size=\"170\" data-barcolor=\"#fbc900\" data-trackcolor=\"#fff3cc\"><span><i class=\"icon-group\"><\/i><\/span><\/div>\n<p><strong><\/p>\n<h2>Confianza<\/h2>\n<p><\/strong><\/p>\n\n\t\t<\/div> \n\t<\/div>  \n\t<div class=\"wpb_content_element span3 wpb_text_column\">\n\t\t<div class=\"wpb_wrapper clearfix\">\n\t\t\t\n<div class=\"chart-shortcode chart-170 chart-center\" data-linewidth=\"12\" data-percent=\"0\" data-animatepercent=\"100\" data-size=\"170\" data-barcolor=\"#fbc900\" data-trackcolor=\"#fff3cc\"><span><i class=\"icon-ok\"><\/i><\/span><\/div>\n<p><strong><\/p>\n<h2>Compromiso<\/h2>\n<p>\u00a0<\/strong><\/p>\n\n\t\t<\/div> \n\t<\/div>  \n\t<div class=\"wpb_content_element span3 wpb_text_column\">\n\t\t<div class=\"wpb_wrapper clearfix\">\n\t\t\t\n<div class=\"chart-shortcode chart-170 chart-center\" data-linewidth=\"12\" data-percent=\"0\" data-animatepercent=\"100\" data-size=\"170\" data-barcolor=\"#fbc900\" data-trackcolor=\"#fff3cc\"><span><i class=\"icon-briefcase\"><\/i><\/span><\/div>\n<p><strong><\/p>\n<h2>Profesionalidad<\/h2>\n<p><\/strong><\/p>\n\n\t\t<\/div> \n\t<\/div>  \n\t<div class=\"wpb_content_element span3 wpb_text_column\">\n\t\t<div class=\"wpb_wrapper clearfix\">\n\t\t\t\n<div class=\"chart-shortcode chart-170 chart-center\" data-linewidth=\"12\" data-percent=\"0\" data-animatepercent=\"100\" data-size=\"170\" data-barcolor=\"#fbc900\" data-trackcolor=\"#fff3cc\"><span><i class=\"icon-signal\"><\/i><\/span><\/div>\n<p><strong><\/p>\n<h2>Eficacia<\/h2>\n<p><\/strong><\/p>\n\n\t\t<\/div> \n\t<\/div> <\/div>\n <div class=\"blank_spacer span12 \" style=\"height:30px;\"><\/div>\n <div class=\"row\"><div class=\"wpb_divider standard wpb_content_element span12 \"><\/div>\n<\/div>\n <div class=\"blank_spacer span12 \" style=\"height:30px;\"><\/div>\n <div class=\"row\">\n\t<div class=\"wpb_content_element span6 wpb_text_column\">\n\t\t<div class=\"wpb_wrapper clearfix\">\n\t\t\t\n<p style=\"text-align: left;\"><div class=\"progress progress-striped\">\n<div class=\"bar\" data-value=\"100\" style=\"background-color:#fbc900!important;\">\n<div class=\"bar-text\">Profesionalidad <span>100%<\/span><\/div>\n<\/div>\n<\/div>\n\n<div class=\"progress progress-striped\">\n<div class=\"bar\" data-value=\"100\" style=\"background-color:#fbc900!important;\">\n<div class=\"bar-text\">Calidad <span>100%<\/span><\/div>\n<\/div>\n<\/div>\n\n<div class=\"progress progress-striped active\">\n<div class=\"bar\" data-value=\"100\" style=\"background-color:#fbc900!important;\">\n<div class=\"bar-text\">Eficacia <span>100%<\/span><\/div>\n<\/div>\n<\/div>\n\n\n\t\t<\/div> \n\t<\/div>  \n\t<div class=\"wpb_content_element span6 wpb_text_column\">\n\t\t<div class=\"wpb_wrapper clearfix\">\n\t\t\t\n<p>Quienes somos. Nuestra empresa la forman un grupo de profesionales, con titulaci\u00f3n superior universitaria, y con una amplia experiencia en el sector bancario, comercial e inmobiliario. Adem\u00e1s contamos con una serie de empresas colaboradoras especializadas cada una en su sector que nos dan apoyo en todo cuanto podamos necesitar para ofrecer un producto de alta calidad a nuestros clientes y as\u00ed tener cubierta todas sus necesidades. No dude en contactar con nosotros para mayor informaci\u00f3n. Estaremos encantados de atenderle. Somos quienes usted necesita para una gesti\u00f3n r\u00e1pida y eficaz.<\/p>\n<p>&nbsp;<\/p>\n<p>&nbsp;<\/p>\n<p>&nbsp;<\/p>\n<p><a href=\"http:\/\/andalhome.com\/wp-content\/uploads\/2013\/11\/Quienes-somos.jpg\"><img loading=\"lazy\" decoding=\"async\" class=\"wp-image-1842 alignright\" title=\"Quienes somos\" src=\"http:\/\/andalhome.com\/wp-content\/uploads\/2013\/11\/Quienes-somos-300x190.jpg\" alt=\"Quienes somos\" width=\"450\" height=\"285\" srcset=\"https:\/\/andalhome.com\/wp-content\/uploads\/2013\/11\/Quienes-somos-300x190.jpg 300w, https:\/\/andalhome.com\/wp-content\/uploads\/2013\/11\/Quienes-somos.jpg 700w\" sizes=\"(max-width: 450px) 100vw, 450px\" \/><\/a><\/p>\n<p>&nbsp;<\/p>\n\n\t\t<\/div> \n\t<\/div> <\/div>\n <div class=\"blank_spacer span12 \" style=\"height:30px;\"><\/div>\n\n","protected":false},"excerpt":{"rendered":"","protected":false},"author":1,"featured_media":0,"parent":21,"menu_order":0,"comment_status":"closed","ping_status":"closed","template":"","meta":{"footnotes":""},"translation":{"provider":"WPGlobus","version":"2.12.2","language":"en","enabled_languages":["es","en"],"languages":{"es":{"title":true,"content":true,"excerpt":false},"en":{"title":false,"content":false,"excerpt":false}}},"yoast_head":"<!-- This site is optimized with the Yoast SEO plugin v22.1 - https:\/\/yoast.com\/wordpress\/plugins\/seo\/ -->\n<title>Quienes somos &#8211; ANDALHOME<\/title>\n<meta name=\"robots\" content=\"index, follow, max-snippet:-1, max-image-preview:large, max-video-preview:-1\" \/>\n<link rel=\"canonical\" href=\"https:\/\/andalhome.com\/empresa\/quienes-somos\/\" \/>\n<meta property=\"og:locale\" content=\"en_US\" \/>\n<meta property=\"og:type\" content=\"article\" \/>\n<meta property=\"og:title\" content=\"Quienes somos &#8211; ANDALHOME\" \/>\n<meta property=\"og:url\" content=\"https:\/\/andalhome.com\/empresa\/quienes-somos\/\" \/>\n<meta property=\"og:site_name\" content=\"ANDALHOME\" \/>\n<meta property=\"article:publisher\" content=\"http:\/\/www.facebook.com\/andalhome\" \/>\n<meta property=\"article:modified_time\" content=\"2017-07-16T13:05:11+00:00\" \/>\n<meta property=\"og:image\" content=\"http:\/\/andalhome.com\/wp-content\/uploads\/2013\/11\/Quienes-somos-300x190.jpg\" \/>\n<meta name=\"twitter:label1\" content=\"Est. reading time\" \/>\n\t<meta name=\"twitter:data1\" content=\"2 minutes\" \/>\n<script type=\"application\/ld+json\" class=\"yoast-schema-graph\">{\"@context\":\"https:\/\/schema.org\",\"@graph\":[{\"@type\":\"WebPage\",\"@id\":\"https:\/\/andalhome.com\/empresa\/quienes-somos\/\",\"url\":\"https:\/\/andalhome.com\/empresa\/quienes-somos\/\",\"name\":\"Quienes somos &#8211; ANDALHOME\",\"isPartOf\":{\"@id\":\"https:\/\/andalhome.com\/#website\"},\"datePublished\":\"2013-11-25T10:20:16+00:00\",\"dateModified\":\"2017-07-16T13:05:11+00:00\",\"description\":\"Aqu\u00ed podras conocernos mejor y despejar tus dudas sobre quienes somos. Somos un grupo de profesionales con a\u00f1os de actividad a nuestra espalda que te garantizaran un servicio de calidad excelente. Somos Quienes te ayudaran.\",\"breadcrumb\":{\"@id\":\"https:\/\/andalhome.com\/empresa\/quienes-somos\/#breadcrumb\"},\"inLanguage\":\"en-US\",\"potentialAction\":[{\"@type\":\"ReadAction\",\"target\":[\"https:\/\/andalhome.com\/empresa\/quienes-somos\/\"]}]},{\"@type\":\"BreadcrumbList\",\"@id\":\"https:\/\/andalhome.com\/empresa\/quienes-somos\/#breadcrumb\",\"itemListElement\":[{\"@type\":\"ListItem\",\"position\":1,\"name\":\"\u00bfQuieres Conocernos?\",\"item\":\"https:\/\/andalhome.com\/empresa\/\"},{\"@type\":\"ListItem\",\"position\":2,\"name\":\"Quienes somos\"}]},{\"@type\":\"WebSite\",\"@id\":\"https:\/\/andalhome.com\/#website\",\"url\":\"https:\/\/andalhome.com\/\",\"name\":\"ANDALHOME\",\"description\":\"ANDALHOME OFFERS YOU A COMPREHENSIVE REAL ESTATE SERVICE FROM PURCHASE\/RENTAL TO FINANCING AND OF COURSE ALL THE ADVICE YOU NEED\",\"publisher\":{\"@id\":\"https:\/\/andalhome.com\/#organization\"},\"potentialAction\":[{\"@type\":\"SearchAction\",\"target\":{\"@type\":\"EntryPoint\",\"urlTemplate\":\"https:\/\/andalhome.com\/?s={search_term_string}\"},\"query-input\":\"required name=search_term_string\"}],\"inLanguage\":\"en-US\"},{\"@type\":\"Organization\",\"@id\":\"https:\/\/andalhome.com\/#organization\",\"name\":\"Andalhome\",\"url\":\"https:\/\/andalhome.com\/\",\"logo\":{\"@type\":\"ImageObject\",\"inLanguage\":\"en-US\",\"@id\":\"https:\/\/andalhome.com\/#\/schema\/logo\/image\/\",\"url\":\"https:\/\/andalhome.com\/wp-content\/uploads\/2015\/10\/image003.jpg\",\"contentUrl\":\"https:\/\/andalhome.com\/wp-content\/uploads\/2015\/10\/image003.jpg\",\"width\":957,\"height\":212,\"caption\":\"Andalhome\"},\"image\":{\"@id\":\"https:\/\/andalhome.com\/#\/schema\/logo\/image\/\"},\"sameAs\":[\"http:\/\/www.facebook.com\/andalhome\"]}]}<\/script>\n<!-- \/ Yoast SEO plugin. -->","yoast_head_json":{"title":"Quienes somos &#8211; ANDALHOME","robots":{"index":"index","follow":"follow","max-snippet":"max-snippet:-1","max-image-preview":"max-image-preview:large","max-video-preview":"max-video-preview:-1"},"canonical":"https:\/\/andalhome.com\/empresa\/quienes-somos\/","og_locale":"en_US","og_type":"article","og_title":"Quienes somos &#8211; ANDALHOME","og_url":"https:\/\/andalhome.com\/empresa\/quienes-somos\/","og_site_name":"ANDALHOME","article_publisher":"http:\/\/www.facebook.com\/andalhome","article_modified_time":"2017-07-16T13:05:11+00:00","og_image":[{"url":"http:\/\/andalhome.com\/wp-content\/uploads\/2013\/11\/Quienes-somos-300x190.jpg"}],"twitter_misc":{"Est. reading time":"2 minutes"},"schema":{"@context":"https:\/\/schema.org","@graph":[{"@type":"WebPage","@id":"https:\/\/andalhome.com\/empresa\/quienes-somos\/","url":"https:\/\/andalhome.com\/empresa\/quienes-somos\/","name":"Quienes somos &#8211; ANDALHOME","isPartOf":{"@id":"https:\/\/andalhome.com\/#website"},"datePublished":"2013-11-25T10:20:16+00:00","dateModified":"2017-07-16T13:05:11+00:00","description":"Aqu\u00ed podras conocernos mejor y despejar tus dudas sobre quienes somos. Somos un grupo de profesionales con a\u00f1os de actividad a nuestra espalda que te garantizaran un servicio de calidad excelente. Somos Quienes te ayudaran.","breadcrumb":{"@id":"https:\/\/andalhome.com\/empresa\/quienes-somos\/#breadcrumb"},"inLanguage":"en-US","potentialAction":[{"@type":"ReadAction","target":["https:\/\/andalhome.com\/empresa\/quienes-somos\/"]}]},{"@type":"BreadcrumbList","@id":"https:\/\/andalhome.com\/empresa\/quienes-somos\/#breadcrumb","itemListElement":[{"@type":"ListItem","position":1,"name":"\u00bfQuieres Conocernos?","item":"https:\/\/andalhome.com\/empresa\/"},{"@type":"ListItem","position":2,"name":"Quienes somos"}]},{"@type":"WebSite","@id":"https:\/\/andalhome.com\/#website","url":"https:\/\/andalhome.com\/","name":"ANDALHOME","description":"ANDALHOME OFFERS YOU A COMPREHENSIVE REAL ESTATE SERVICE FROM PURCHASE\/RENTAL TO FINANCING AND OF COURSE ALL THE ADVICE YOU NEED","publisher":{"@id":"https:\/\/andalhome.com\/#organization"},"potentialAction":[{"@type":"SearchAction","target":{"@type":"EntryPoint","urlTemplate":"https:\/\/andalhome.com\/?s={search_term_string}"},"query-input":"required name=search_term_string"}],"inLanguage":"en-US"},{"@type":"Organization","@id":"https:\/\/andalhome.com\/#organization","name":"Andalhome","url":"https:\/\/andalhome.com\/","logo":{"@type":"ImageObject","inLanguage":"en-US","@id":"https:\/\/andalhome.com\/#\/schema\/logo\/image\/","url":"https:\/\/andalhome.com\/wp-content\/uploads\/2015\/10\/image003.jpg","contentUrl":"https:\/\/andalhome.com\/wp-content\/uploads\/2015\/10\/image003.jpg","width":957,"height":212,"caption":"Andalhome"},"image":{"@id":"https:\/\/andalhome.com\/#\/schema\/logo\/image\/"},"sameAs":["http:\/\/www.facebook.com\/andalhome"]}]}},"_links":{"self":[{"href":"https:\/\/andalhome.com\/en\/wp-json\/wp\/v2\/pages\/22"}],"collection":[{"href":"https:\/\/andalhome.com\/en\/wp-json\/wp\/v2\/pages"}],"about":[{"href":"https:\/\/andalhome.com\/en\/wp-json\/wp\/v2\/types\/page"}],"author":[{"embeddable":true,"href":"https:\/\/andalhome.com\/en\/wp-json\/wp\/v2\/users\/1"}],"replies":[{"embeddable":true,"href":"https:\/\/andalhome.com\/en\/wp-json\/wp\/v2\/comments?post=22"}],"version-history":[{"count":28,"href":"https:\/\/andalhome.com\/en\/wp-json\/wp\/v2\/pages\/22\/revisions"}],"predecessor-version":[{"id":4205,"href":"https:\/\/andalhome.com\/en\/wp-json\/wp\/v2\/pages\/22\/revisions\/4205"}],"up":[{"embeddable":true,"href":"https:\/\/andalhome.com\/en\/wp-json\/wp\/v2\/pages\/21"}],"wp:attachment":[{"href":"https:\/\/andalhome.com\/en\/wp-json\/wp\/v2\/media?parent=22"}],"curies":[{"name":"wp","href":"https:\/\/api.w.org\/{rel}","templated":true}]}}