{"id":3833,"date":"2016-12-19T14:41:47","date_gmt":"2016-12-19T13:41:47","guid":{"rendered":"http:\/\/andalhome.com\/?page_id=3833"},"modified":"2019-02-27T19:08:14","modified_gmt":"2019-02-27T18:08:14","slug":"contacta-con-nosotros-rapidamente","status":"publish","type":"page","link":"https:\/\/andalhome.com\/en\/contacta-con-nosotros-rapidamente\/","title":{"rendered":"Contacto"},"content":{"rendered":"<div class=\"row\">\n\t<div class=\"wpb_content_element span4 wpb_text_column\">\n\t\t<div class=\"wpb_wrapper clearfix\">\n\t\t\t\n<p><img loading=\"lazy\" decoding=\"async\" class=\"alignright wp-image-2920\" src=\"http:\/\/andalhome.com\/wp-content\/uploads\/2013\/11\/contestar-300x228.jpg\" alt=\"contestar\" width=\"290\" height=\"220\" srcset=\"https:\/\/andalhome.com\/wp-content\/uploads\/2013\/11\/contestar-300x228.jpg 300w, https:\/\/andalhome.com\/wp-content\/uploads\/2013\/11\/contestar-94x70.jpg 94w, https:\/\/andalhome.com\/wp-content\/uploads\/2013\/11\/contestar.jpg 329w\" sizes=\"(max-width: 290px) 100vw, 290px\" \/><\/p>\n\n\t\t<\/div> \n\t<\/div>  \n\t<div class=\"wpb_content_element span8 wpb_text_column\">\n\t\t<div class=\"wpb_wrapper clearfix\">\n\t\t\t\n<p>&nbsp;<\/p>\n<h4 class=\"ancho-6 columna txt-contacto\">Con la finalidad de conocer tus necesidades y darte el mejor servicio ponemos a tu disposici\u00f3n nuestro formulario de contacto, que ser\u00e1 atendido a la mayor brevedad por uno de nuestros consultores inmobiliarios.<\/h4>\n<hr \/>\n<h2>Nuestra Direcci\u00f3n<\/h2>\n<h2>C\/ Maestro Lecuona 1, 29006 MALAGA<\/h2>\n<h2>mail: info@andalhome.com<\/h2>\n<h2><span style=\"font-size: 16px;\">Tfnos. (+34) 951 40 43 69 (+34) 699 76 70 11<\/span><\/h2>\n<hr \/>\n<h2><\/h2>\n\n\t\t<\/div> \n\t<\/div> <\/div>\n <div class=\"row\">\n\t<div class=\"wpb_content_element span6 wpb_text_column\">\n\t\t<div class=\"wpb_wrapper clearfix\">\n\t\t\t\n<h2><strong>Por favor complete el siguiente formulario.<\/strong><\/h2>\n<p>&nbsp;<\/p>\n\n\t\t<\/div> \n\t<\/div>  \n\t<div class=\"wpb_content_element span6 wpb_text_column\">\n\t\t<div class=\"wpb_wrapper clearfix\">\n\t\t\t\n<h2>Nuestra Ubicaci\u00f3n<\/h2>\n<p>&nbsp;<\/p>\n\n\t\t<\/div> \n\t<\/div> <\/div>\n <div class=\"row\">\n\t<div class=\"wpb_content_element span6 wpb_text_column\">\n\t\t<div class=\"wpb_wrapper clearfix\">\n\t\t\t\n\n<div class=\"wpcf7 no-js\" id=\"wpcf7-f4-o1\" lang=\"es-ES\" dir=\"ltr\">\n<div class=\"screen-reader-response\"><p role=\"status\" aria-live=\"polite\" aria-atomic=\"true\"><\/p> <ul><\/ul><\/div>\n<form action=\"\/en\/wp-json\/wp\/v2\/pages\/3833#wpcf7-f4-o1\" method=\"post\" class=\"wpcf7-form init\" aria-label=\"Formulario de contacto\" enctype=\"multipart\/form-data\" novalidate=\"novalidate\" data-status=\"init\">\n<div style=\"display: none;\">\n<input type=\"hidden\" name=\"_wpcf7\" value=\"4\" \/>\n<input type=\"hidden\" name=\"_wpcf7_version\" value=\"5.8.7\" \/>\n<input type=\"hidden\" name=\"_wpcf7_locale\" value=\"es_ES\" \/>\n<input type=\"hidden\" name=\"_wpcf7_unit_tag\" value=\"wpcf7-f4-o1\" \/>\n<input type=\"hidden\" name=\"_wpcf7_container_post\" value=\"0\" \/>\n<input type=\"hidden\" name=\"_wpcf7_posted_data_hash\" value=\"\" \/>\n<input type=\"hidden\" name=\"_wpcf7_recaptcha_response\" value=\"\" \/>\n<\/div>\n<fieldset>\n\t<p>Tu nombre (requerido)\n\t<\/p>\n\t<p><span class=\"wpcf7-form-control-wrap\" data-name=\"your-name\"><input size=\"40\" class=\"wpcf7-form-control wpcf7-text wpcf7-validates-as-required\" aria-required=\"true\" aria-invalid=\"false\" value=\"\" type=\"text\" name=\"your-name\" \/><\/span>\n\t<\/p>\n\t<p>Tu Tel\u00e9fono (requerido)\n\t<\/p>\n\t<p><span class=\"wpcf7-form-control-wrap\" data-name=\"Telefono\"><input size=\"40\" class=\"wpcf7-form-control wpcf7-tel wpcf7-validates-as-required wpcf7-text wpcf7-validates-as-tel\" aria-required=\"true\" aria-invalid=\"false\" value=\"\" type=\"tel\" name=\"Telefono\" \/><\/span>\n\t<\/p>\n\t<p>Tu e-mail (requerido)\n\t<\/p>\n\t<p><span class=\"wpcf7-form-control-wrap\" data-name=\"your-email\"><input size=\"40\" class=\"wpcf7-form-control wpcf7-email wpcf7-validates-as-required wpcf7-text wpcf7-validates-as-email\" aria-required=\"true\" aria-invalid=\"false\" value=\"\" type=\"email\" name=\"your-email\" \/><\/span>\n\t<\/p>\n\t<p>Asunto\n\t<\/p>\n\t<p><span class=\"wpcf7-form-control-wrap\" data-name=\"your-subject\"><input size=\"40\" class=\"wpcf7-form-control wpcf7-text\" aria-invalid=\"false\" value=\"\" type=\"text\" name=\"your-subject\" \/><\/span>\n\t<\/p>\n\t<p>Tu mensaje\n\t<\/p>\n\t<p><span class=\"wpcf7-form-control-wrap\" data-name=\"your-message\"><textarea cols=\"40\" rows=\"10\" class=\"wpcf7-form-control wpcf7-textarea\" aria-invalid=\"false\" name=\"your-message\"><\/textarea><\/span>\n\t<\/p>\n<\/fieldset>\n<div class=\"line\">\n\t<h3>\u00bfQuiere enviarnos un fichero?\n\t<\/h3>\n\t<p><span class=\"wpcf7-form-control-wrap\" data-name=\"archivoadjunto\"><input size=\"40\" class=\"wpcf7-form-control wpcf7-file\" accept=\".jpg,.png,.pdf,.doc,.bmp,.xml,.xls,.tiff,.tif,.raw\" aria-invalid=\"false\" type=\"file\" name=\"archivoadjunto\" \/><\/span>\n\t<\/p>\n<\/div>\n<p>\n\n<\/p>\n<p><span class=\"wpcf7-form-control-wrap\" data-name=\"CheckLPRGD\"><span class=\"wpcf7-form-control wpcf7-checkbox wpcf7-validates-as-required\"><span class=\"wpcf7-list-item first last\"><input type=\"checkbox\" name=\"CheckLPRGD[]\" value=\"&lt;------PINCHE AQUI           Con objeto de dar cumplimiento a las obligaciones derivadas del Reglamento (UE) 2016\/679, ANDALHOME le informa que al marcar este check, usted da su consentimiento para  que sus datos personales quedan incorporados a los ficheros de datos de car\u00e1cter personal de ANDALHOME, para la prestaci\u00f3n de servicios por parte de la misma y prospecci\u00f3n comercial. El Responsable del mencionado fichero es ANDALHOME con email  info@andalhome.com   a la cual usted podr\u00e1 remitir un comunicado identificado con la referencia \u201cProtecci\u00f3n de Datos\u201d para el ejercicio de sus derechos de acceso, rectificaci\u00f3n, cancelaci\u00f3n,  olvido, limitaci\u00f3n, portabilidad y oposici\u00f3n.\" \/><span class=\"wpcf7-list-item-label\">&lt;------PINCHE AQUI           Con objeto de dar cumplimiento a las obligaciones derivadas del Reglamento (UE) 2016\/679, ANDALHOME le informa que al marcar este check, usted da su consentimiento para  que sus datos personales quedan incorporados a los ficheros de datos de car\u00e1cter personal de ANDALHOME, para la prestaci\u00f3n de servicios por parte de la misma y prospecci\u00f3n comercial. El Responsable del mencionado fichero es ANDALHOME con email  info@andalhome.com   a la cual usted podr\u00e1 remitir un comunicado identificado con la referencia \u201cProtecci\u00f3n de Datos\u201d para el ejercicio de sus derechos de acceso, rectificaci\u00f3n, cancelaci\u00f3n,  olvido, limitaci\u00f3n, portabilidad y oposici\u00f3n.<\/span><\/span><\/span><\/span>\n<\/p>\n<p><input class=\"wpcf7-form-control wpcf7-submit has-spinner\" type=\"submit\" value=\"Enviar\" \/>\n<\/p><p style=\"display: none !important;\" class=\"akismet-fields-container\" data-prefix=\"_wpcf7_ak_\"><label>&#916;<textarea name=\"_wpcf7_ak_hp_textarea\" cols=\"45\" rows=\"8\" maxlength=\"100\"><\/textarea><\/label><input type=\"hidden\" id=\"ak_js_1\" name=\"_wpcf7_ak_js\" value=\"39\"\/><script>document.getElementById( \"ak_js_1\" ).setAttribute( \"value\", ( new Date() ).getTime() );<\/script><\/p><div class=\"wpcf7-response-output\" aria-hidden=\"true\"><\/div>\n<\/form>\n<\/div>\n\n\n\t\t<\/div> \n\t<\/div>  \n\t<div class=\"wpb_content_element span6 wpb_raw_html\">\n\t\t<div class=\"wpb_wrapper\">\n\t\t\t<p><iframe loading=\"lazy\" src=\"https:\/\/www.google.com\/maps\/embed?pb=!1m18!1m12!1m3!1d1599.1845031185965!2d-4.43697994198533!3d36.71369804513958!2m3!1f0!2f0!3f0!3m2!1i1024!2i768!4f13.1!3m3!1m2!1s0xd72f79c51bd9d27%3A0x2100fa5e56d8ae75!2sCalle+Maestro+Lecuona%2C+1%2C+29006+M%C3%A1laga!5e0!3m2!1ses!2ses!4v1548706457369\" width=\"400\" height=\"300\" frameborder=\"0\" style=\"border:0\" allowfullscreen><\/iframe><br\/><\/p>\n\t\t<\/div> \n\t<\/div> <\/div>\n <div class=\"row\">\n\t<div class=\"wpb_content_element wpb_single_image noframe span6\">\n\t\t<div class=\"wpb_wrapper\"><figure class=\"lightbox clearfix\">\n\t\t\t<a class=\"view\" href=\"https:\/\/andalhome.com\/wp-content\/uploads\/2019\/01\/IMG_9156-1024x683.jpg\" rel=\"image-gallery\"><div class=\"overlay\"><div class=\"thumb-info\"><i class=\"icon-search\"><\/i><\/div><\/div><img loading=\"lazy\" decoding=\"async\" width=\"300\" height=\"200\" src=\"https:\/\/andalhome.com\/wp-content\/uploads\/2019\/01\/IMG_9156-300x200.jpg\" class=\"attachment-medium size-medium\" alt=\"\" srcset=\"https:\/\/andalhome.com\/wp-content\/uploads\/2019\/01\/IMG_9156-300x200.jpg 300w, https:\/\/andalhome.com\/wp-content\/uploads\/2019\/01\/IMG_9156-768x512.jpg 768w, https:\/\/andalhome.com\/wp-content\/uploads\/2019\/01\/IMG_9156-1024x683.jpg 1024w, https:\/\/andalhome.com\/wp-content\/uploads\/2019\/01\/IMG_9156-1280x853.jpg 1280w\" sizes=\"(max-width: 300px) 100vw, 300px\" title=\"IMG_9156\" \/><\/a><\/figure>\n\t\t<\/div> \n\t<\/div>  \n\t<div class=\"wpb_content_element wpb_single_image noframe span6\">\n\t\t<div class=\"wpb_wrapper\"><figure class=\"lightbox clearfix\">\n\t\t\t<a class=\"view\" href=\"https:\/\/andalhome.com\/wp-content\/uploads\/2019\/01\/IMG_9144-1024x683.jpg\" rel=\"image-gallery\"><div class=\"overlay\"><div class=\"thumb-info\"><i class=\"icon-search\"><\/i><\/div><\/div><img loading=\"lazy\" decoding=\"async\" width=\"300\" height=\"200\" src=\"https:\/\/andalhome.com\/wp-content\/uploads\/2019\/01\/IMG_9144-300x200.jpg\" class=\"attachment-medium size-medium\" alt=\"\" srcset=\"https:\/\/andalhome.com\/wp-content\/uploads\/2019\/01\/IMG_9144-300x200.jpg 300w, https:\/\/andalhome.com\/wp-content\/uploads\/2019\/01\/IMG_9144-768x512.jpg 768w, https:\/\/andalhome.com\/wp-content\/uploads\/2019\/01\/IMG_9144-1024x683.jpg 1024w, https:\/\/andalhome.com\/wp-content\/uploads\/2019\/01\/IMG_9144-1280x853.jpg 1280w\" sizes=\"(max-width: 300px) 100vw, 300px\" title=\"IMG_9144\" \/><\/a><\/figure>\n\t\t<\/div> \n\t<\/div> <\/div>\n\n","protected":false},"excerpt":{"rendered":"","protected":false},"author":5,"featured_media":0,"parent":0,"menu_order":0,"comment_status":"closed","ping_status":"closed","template":"","meta":{"footnotes":""},"translation":{"provider":"WPGlobus","version":"2.12.2","language":"en","enabled_languages":["es","en"],"languages":{"es":{"title":true,"content":true,"excerpt":false},"en":{"title":false,"content":false,"excerpt":false}}},"yoast_head":"<!-- This site is optimized with the Yoast SEO plugin v22.1 - https:\/\/yoast.com\/wordpress\/plugins\/seo\/ -->\n<title>Contacta con nosotros r\u00e1pidamente &#8211; ANDALHOME &#8211; Contacto &#8211;<\/title>\n<meta name=\"robots\" content=\"index, follow, max-snippet:-1, max-image-preview:large, max-video-preview:-1\" \/>\n<link rel=\"canonical\" href=\"https:\/\/andalhome.com\/contacta-con-nosotros-rapidamente\/\" \/>\n<meta property=\"og:locale\" content=\"en_US\" \/>\n<meta property=\"og:type\" content=\"article\" \/>\n<meta property=\"og:title\" content=\"Contacto &#8211; ANDALHOME\" \/>\n<meta property=\"og:url\" content=\"https:\/\/andalhome.com\/contacta-con-nosotros-rapidamente\/\" \/>\n<meta property=\"og:site_name\" content=\"ANDALHOME\" \/>\n<meta property=\"article:publisher\" content=\"http:\/\/www.facebook.com\/andalhome\" \/>\n<meta property=\"article:modified_time\" content=\"2019-02-27T18:08:14+00:00\" \/>\n<meta property=\"og:image\" content=\"http:\/\/andalhome.com\/wp-content\/uploads\/2013\/11\/contestar-300x228.jpg\" \/>\n<meta name=\"twitter:label1\" content=\"Tiempo de lectura\" \/>\n\t<meta name=\"twitter:data1\" content=\"1 minute\" \/>\n<script type=\"application\/ld+json\" class=\"yoast-schema-graph\">{\"@context\":\"https:\/\/schema.org\",\"@graph\":[{\"@type\":\"WebPage\",\"@id\":\"https:\/\/andalhome.com\/contacta-con-nosotros-rapidamente\/\",\"url\":\"https:\/\/andalhome.com\/contacta-con-nosotros-rapidamente\/\",\"name\":\"Contacta con nosotros r\u00e1pidamente &#8211; ANDALHOME &#8211; Contacto &#8211;\",\"isPartOf\":{\"@id\":\"https:\/\/andalhome.com\/#website\"},\"datePublished\":\"2016-12-19T13:41:47+00:00\",\"dateModified\":\"2019-02-27T18:08:14+00:00\",\"description\":\"Contacta con nosotros r\u00e1pidamente. En esta pagina podras contactar con nosotros a traves de diversas vias, domicilio, telefono y mail.\",\"inLanguage\":\"en-US\",\"potentialAction\":[{\"@type\":\"ReadAction\",\"target\":[\"https:\/\/andalhome.com\/contacta-con-nosotros-rapidamente\/\"]}]},{\"@type\":\"WebSite\",\"@id\":\"https:\/\/andalhome.com\/#website\",\"url\":\"https:\/\/andalhome.com\/\",\"name\":\"ANDALHOME\",\"description\":\"ANDALHOME OFFERS YOU A COMPREHENSIVE REAL ESTATE SERVICE FROM PURCHASE\/RENTAL TO FINANCING AND OF COURSE ALL THE ADVICE YOU NEED\",\"publisher\":{\"@id\":\"https:\/\/andalhome.com\/#organization\"},\"potentialAction\":[{\"@type\":\"SearchAction\",\"target\":{\"@type\":\"EntryPoint\",\"urlTemplate\":\"https:\/\/andalhome.com\/?s={search_term_string}\"},\"query-input\":\"required name=search_term_string\"}],\"inLanguage\":\"en-US\"},{\"@type\":\"Organization\",\"@id\":\"https:\/\/andalhome.com\/#organization\",\"name\":\"Andalhome\",\"url\":\"https:\/\/andalhome.com\/\",\"logo\":{\"@type\":\"ImageObject\",\"inLanguage\":\"en-US\",\"@id\":\"https:\/\/andalhome.com\/#\/schema\/logo\/image\/\",\"url\":\"https:\/\/andalhome.com\/wp-content\/uploads\/2015\/10\/image003.jpg\",\"contentUrl\":\"https:\/\/andalhome.com\/wp-content\/uploads\/2015\/10\/image003.jpg\",\"width\":957,\"height\":212,\"caption\":\"Andalhome\"},\"image\":{\"@id\":\"https:\/\/andalhome.com\/#\/schema\/logo\/image\/\"},\"sameAs\":[\"http:\/\/www.facebook.com\/andalhome\"]}]}<\/script>\n<!-- \/ Yoast SEO plugin. -->","yoast_head_json":{"title":"Contacta con nosotros r\u00e1pidamente &#8211; ANDALHOME &#8211; Contacto &#8211;","robots":{"index":"index","follow":"follow","max-snippet":"max-snippet:-1","max-image-preview":"max-image-preview:large","max-video-preview":"max-video-preview:-1"},"canonical":"https:\/\/andalhome.com\/contacta-con-nosotros-rapidamente\/","og_locale":"en_US","og_type":"article","og_title":"Contacto &#8211; ANDALHOME","og_url":"https:\/\/andalhome.com\/contacta-con-nosotros-rapidamente\/","og_site_name":"ANDALHOME","article_publisher":"http:\/\/www.facebook.com\/andalhome","article_modified_time":"2019-02-27T18:08:14+00:00","og_image":[{"url":"http:\/\/andalhome.com\/wp-content\/uploads\/2013\/11\/contestar-300x228.jpg"}],"twitter_misc":{"Tiempo de lectura":"1 minute"},"schema":{"@context":"https:\/\/schema.org","@graph":[{"@type":"WebPage","@id":"https:\/\/andalhome.com\/contacta-con-nosotros-rapidamente\/","url":"https:\/\/andalhome.com\/contacta-con-nosotros-rapidamente\/","name":"Contacta con nosotros r\u00e1pidamente &#8211; ANDALHOME &#8211; Contacto &#8211;","isPartOf":{"@id":"https:\/\/andalhome.com\/#website"},"datePublished":"2016-12-19T13:41:47+00:00","dateModified":"2019-02-27T18:08:14+00:00","description":"Contacta con nosotros r\u00e1pidamente. En esta pagina podras contactar con nosotros a traves de diversas vias, domicilio, telefono y mail.","inLanguage":"en-US","potentialAction":[{"@type":"ReadAction","target":["https:\/\/andalhome.com\/contacta-con-nosotros-rapidamente\/"]}]},{"@type":"WebSite","@id":"https:\/\/andalhome.com\/#website","url":"https:\/\/andalhome.com\/","name":"ANDALHOME","description":"ANDALHOME OFFERS YOU A COMPREHENSIVE REAL ESTATE SERVICE FROM PURCHASE\/RENTAL TO FINANCING AND OF COURSE ALL THE ADVICE YOU NEED","publisher":{"@id":"https:\/\/andalhome.com\/#organization"},"potentialAction":[{"@type":"SearchAction","target":{"@type":"EntryPoint","urlTemplate":"https:\/\/andalhome.com\/?s={search_term_string}"},"query-input":"required name=search_term_string"}],"inLanguage":"en-US"},{"@type":"Organization","@id":"https:\/\/andalhome.com\/#organization","name":"Andalhome","url":"https:\/\/andalhome.com\/","logo":{"@type":"ImageObject","inLanguage":"en-US","@id":"https:\/\/andalhome.com\/#\/schema\/logo\/image\/","url":"https:\/\/andalhome.com\/wp-content\/uploads\/2015\/10\/image003.jpg","contentUrl":"https:\/\/andalhome.com\/wp-content\/uploads\/2015\/10\/image003.jpg","width":957,"height":212,"caption":"Andalhome"},"image":{"@id":"https:\/\/andalhome.com\/#\/schema\/logo\/image\/"},"sameAs":["http:\/\/www.facebook.com\/andalhome"]}]}},"_links":{"self":[{"href":"https:\/\/andalhome.com\/en\/wp-json\/wp\/v2\/pages\/3833"}],"collection":[{"href":"https:\/\/andalhome.com\/en\/wp-json\/wp\/v2\/pages"}],"about":[{"href":"https:\/\/andalhome.com\/en\/wp-json\/wp\/v2\/types\/page"}],"author":[{"embeddable":true,"href":"https:\/\/andalhome.com\/en\/wp-json\/wp\/v2\/users\/5"}],"replies":[{"embeddable":true,"href":"https:\/\/andalhome.com\/en\/wp-json\/wp\/v2\/comments?post=3833"}],"version-history":[{"count":78,"href":"https:\/\/andalhome.com\/en\/wp-json\/wp\/v2\/pages\/3833\/revisions"}],"predecessor-version":[{"id":4712,"href":"https:\/\/andalhome.com\/en\/wp-json\/wp\/v2\/pages\/3833\/revisions\/4712"}],"wp:attachment":[{"href":"https:\/\/andalhome.com\/en\/wp-json\/wp\/v2\/media?parent=3833"}],"curies":[{"name":"wp","href":"https:\/\/api.w.org\/{rel}","templated":true}]}}