{"id":4019,"date":"2017-06-13T12:19:36","date_gmt":"2017-06-13T10:19:36","guid":{"rendered":"http:\/\/andalhome.com\/for-rent\/"},"modified":"2019-03-12T18:08:50","modified_gmt":"2019-03-12T17:08:50","slug":"inmuebles-en-venta","status":"publish","type":"page","link":"https:\/\/andalhome.com\/en\/accesos-directos-inmuebles-en-venta-alquiler-o-compra\/inmuebles-en-venta\/","title":{"rendered":"Inmuebles en Venta"},"content":{"rendered":"<p style=\"text-align: center;\"><div class=\"wpl_property_listing_container \" id=\"wpl_property_listing_container\">\r\n\t    \r\n        \r\n        <div class=\"wpl_property_listing_list_view_container\">\r\n        \r\n<div class=\"wpl_sort_options_container\">\r\n\r\n            <div class=\"wpl_sort_options_container_title\">Sort Option<\/div>\r\n        <div class=\"wpl-sort-options-list active \"><ul><li><div class=\"wpl_plist_sort\" onclick=\"wpl_page_sortchange('wplorderby=p.mls_id&amp;wplorder=DESC');\">Listado ID<\/div><\/li><li><div class=\"wpl_plist_sort wpl_plist_sort_active sort_up\" onclick=\"wpl_page_sortchange('wplorderby=p.price_si&amp;wplorder=DESC');\">Precio<\/div><\/li><li><div class=\"wpl_plist_sort\" onclick=\"wpl_page_sortchange('wplorderby=p.living_area_si&amp;wplorder=DESC');\">Area Construida<\/div><\/li><li><div class=\"wpl_plist_sort\" onclick=\"wpl_page_sortchange('wplorderby=p.bedrooms&amp;wplorder=DESC');\">Dormitorios<\/div><\/li><li><div class=\"wpl_plist_sort\" onclick=\"wpl_page_sortchange('wplorderby=p.sp_featured&amp;wplorder=DESC');\">Featured<\/div><\/li><li><div class=\"wpl_plist_sort\" onclick=\"wpl_page_sortchange('wplorderby=p.zip_name&amp;wplorder=DESC');\">C\u00f3digo Postal<\/div><\/li><li><div class=\"wpl_plist_sort\" onclick=\"wpl_page_sortchange('wplorderby=p.field_312&amp;wplorder=DESC');\">T\u00edtulo P\u00e1gina Inmueble<\/div><\/li><\/ul><\/div>\r\n        <span class=\"wpl-sort-options-selectbox  wpl-util-hidden\"><select class=\"wpl_plist_sort\" onchange=\"wpl_page_sortchange(this.value);\"><option value=\"wplorderby=p.mls_id&amp;wplorder=DESC\" >Listado ID descending<\/option><option value=\"wplorderby=p.mls_id&amp;wplorder=ASC\" >Listado ID ascending<\/option><option value=\"wplorderby=p.price_si&amp;wplorder=DESC\" >Precio descending<\/option><option value=\"wplorderby=p.price_si&amp;wplorder=ASC\" selected=\"selected\">Precio ascending<\/option><option value=\"wplorderby=p.living_area_si&amp;wplorder=DESC\" >Area Construida descending<\/option><option value=\"wplorderby=p.living_area_si&amp;wplorder=ASC\" >Area Construida ascending<\/option><option value=\"wplorderby=p.bedrooms&amp;wplorder=DESC\" >Dormitorios descending<\/option><option value=\"wplorderby=p.bedrooms&amp;wplorder=ASC\" >Dormitorios ascending<\/option><option value=\"wplorderby=p.sp_featured&amp;wplorder=DESC\" >Featured descending<\/option><option value=\"wplorderby=p.sp_featured&amp;wplorder=ASC\" >Featured ascending<\/option><option value=\"wplorderby=p.zip_name&amp;wplorder=DESC\" >C\u00f3digo Postal descending<\/option><option value=\"wplorderby=p.zip_name&amp;wplorder=ASC\" >C\u00f3digo Postal ascending<\/option><option value=\"wplorderby=p.field_312&amp;wplorder=DESC\" >T\u00edtulo P\u00e1gina Inmueble descending<\/option><option value=\"wplorderby=p.field_312&amp;wplorder=ASC\" >T\u00edtulo P\u00e1gina Inmueble ascending<\/option><\/select><\/span>\r\n        \r\n        <div class=\"wpl_list_grid_switcher \">\r\n        <div id=\"grid_view\" class=\"wpl-tooltip-top grid_view active\">\r\n                    <\/div>\r\n                    <div class=\"wpl-util-hidden\">Grid<\/div>\r\n        \r\n        <div id=\"list_view\" class=\"wpl-tooltip-top list_view \">\r\n                    <\/div>\r\n                    <div class=\"wpl-util-hidden\">List<\/div>\r\n        \r\n            <\/div>\r\n    \r\n        \r\n        \r\n        \r\n    <\/div>\r\n\r\n<div class=\"wpl-row wpl-expanded wpl-small-up-1 wpl-medium-up-2 wpl-large-up-3  wpl_property_listing_listings_container clearfix\">\r\n\r\n    \r\n    \t<div class=\"wpl-column\">\r\n\t\t<div class=\"wpl_prp_cont wpl_prp_cont_old\r\n\t\t\tgrid_box\"\r\n\t\t\t id=\"wpl_prp_cont72\"\r\n\t\t\t  >\r\n\t\t\t<div class=\"wpl_prp_top\">\r\n\t\t\t\t<div class=\"wpl_prp_top_boxes front\">\r\n\t\t\t\t\t<div class=\"wpl_gallery_container\" id=\"wpl_gallery_container72\" style=\"max-height: 200px;width: 250px\">\r\n    <ul class=\"bxslider\" id=\"bxslider_72_13\"><li><img loading=\"lazy\" decoding=\"async\" src=\"https:\/\/andalhome.com\/wp-content\/uploads\/WPL\/72\/thimg_IMG_20201130_115154_250x200.jpg\"  class=\"wpl_gallery_image \" id=\"wpl_gallery_image1145\" width=\"250\" height=\"200\" alt=\"Quito, Malaga, ,Nave Industrial,Se Vende,Quito,1033\" title=\"Quito, Malaga, ,Nave Industrial,Se Vende,Quito,1033\" style=\"max-height:200px\" \/><\/li><li><img loading=\"lazy\" decoding=\"async\" src=\"https:\/\/andalhome.com\/wp-content\/uploads\/WPL\/72\/thimg_IMG_20201130_115203_250x200.jpg\"  class=\"wpl_gallery_image \" id=\"wpl_gallery_image1146\" width=\"250\" height=\"200\" alt=\"Quito, Malaga, ,Nave Industrial,Se Vende,Quito,1033\" title=\"Quito, Malaga, ,Nave Industrial,Se Vende,Quito,1033\" style=\"max-height:200px\" \/><\/li><li><img loading=\"lazy\" decoding=\"async\" src=\"https:\/\/andalhome.com\/wp-content\/uploads\/WPL\/72\/thimg_IMG_20201130_115217_250x200.jpg\"  class=\"wpl_gallery_image \" id=\"wpl_gallery_image1147\" width=\"250\" height=\"200\" alt=\"Quito, Malaga, ,Nave Industrial,Se Vende,Quito,1033\" title=\"Quito, Malaga, ,Nave Industrial,Se Vende,Quito,1033\" style=\"max-height:200px\" \/><\/li><li><img loading=\"lazy\" decoding=\"async\" src=\"https:\/\/andalhome.com\/wp-content\/uploads\/WPL\/72\/thimg_IMG_20201130_115219_250x200.jpg\"  class=\"wpl_gallery_image \" id=\"wpl_gallery_image1148\" width=\"250\" height=\"200\" alt=\"Quito, Malaga, ,Nave Industrial,Se Vende,Quito,1033\" title=\"Quito, Malaga, ,Nave Industrial,Se Vende,Quito,1033\" style=\"max-height:200px\" \/><\/li><li><img loading=\"lazy\" decoding=\"async\" src=\"https:\/\/andalhome.com\/wp-content\/uploads\/WPL\/72\/thimg_IMG_20201130_115233_250x200.jpg\"  class=\"wpl_gallery_image \" id=\"wpl_gallery_image1149\" width=\"250\" height=\"200\" alt=\"Quito, Malaga, ,Nave Industrial,Se Vende,Quito,1033\" title=\"Quito, Malaga, ,Nave Industrial,Se Vende,Quito,1033\" style=\"max-height:200px\" \/><\/li><li><img loading=\"lazy\" decoding=\"async\" src=\"https:\/\/andalhome.com\/wp-content\/uploads\/WPL\/72\/thimg_IMG_20201130_115235_250x200.jpg\"  class=\"wpl_gallery_image \" id=\"wpl_gallery_image1150\" width=\"250\" height=\"200\" alt=\"Quito, Malaga, ,Nave Industrial,Se Vende,Quito,1033\" title=\"Quito, Malaga, ,Nave Industrial,Se Vende,Quito,1033\" style=\"max-height:200px\" \/><\/li><li><img loading=\"lazy\" decoding=\"async\" src=\"https:\/\/andalhome.com\/wp-content\/uploads\/WPL\/72\/thimg_IMG_20201130_115245_250x200.jpg\"  class=\"wpl_gallery_image \" id=\"wpl_gallery_image1151\" width=\"250\" height=\"200\" alt=\"Quito, Malaga, ,Nave Industrial,Se Vende,Quito,1033\" title=\"Quito, Malaga, ,Nave Industrial,Se Vende,Quito,1033\" style=\"max-height:200px\" \/><\/li><li><img loading=\"lazy\" decoding=\"async\" src=\"https:\/\/andalhome.com\/wp-content\/uploads\/WPL\/72\/thimg_IMG_20201130_115250_250x200.jpg\"  class=\"wpl_gallery_image \" id=\"wpl_gallery_image1152\" width=\"250\" height=\"200\" alt=\"Quito, Malaga, ,Nave Industrial,Se Vende,Quito,1033\" title=\"Quito, Malaga, ,Nave Industrial,Se Vende,Quito,1033\" style=\"max-height:200px\" \/><\/li><li><img loading=\"lazy\" decoding=\"async\" src=\"https:\/\/andalhome.com\/wp-content\/uploads\/WPL\/72\/thimg_IMG_20201130_115336_250x200.jpg\"  class=\"wpl_gallery_image \" id=\"wpl_gallery_image1153\" width=\"250\" height=\"200\" alt=\"Quito, Malaga, ,Nave Industrial,Se Vende,Quito,1033\" title=\"Quito, Malaga, ,Nave Industrial,Se Vende,Quito,1033\" style=\"max-height:200px\" \/><\/li><li><img loading=\"lazy\" decoding=\"async\" src=\"https:\/\/andalhome.com\/wp-content\/uploads\/WPL\/72\/thimg_IMG_20201130_115350_250x200.jpg\"  class=\"wpl_gallery_image \" id=\"wpl_gallery_image1154\" width=\"250\" height=\"200\" alt=\"Quito, Malaga, ,Nave Industrial,Se Vende,Quito,1033\" title=\"Quito, Malaga, ,Nave Industrial,Se Vende,Quito,1033\" style=\"max-height:200px\" \/><\/li><li><img loading=\"lazy\" decoding=\"async\" src=\"https:\/\/andalhome.com\/wp-content\/uploads\/WPL\/72\/thimg_IMG_20201130_115422_250x200.jpg\"  class=\"wpl_gallery_image \" id=\"wpl_gallery_image1155\" width=\"250\" height=\"200\" alt=\"Quito, Malaga, ,Nave Industrial,Se Vende,Quito,1033\" title=\"Quito, Malaga, ,Nave Industrial,Se Vende,Quito,1033\" style=\"max-height:200px\" \/><\/li><li><img loading=\"lazy\" decoding=\"async\" src=\"https:\/\/andalhome.com\/wp-content\/uploads\/WPL\/72\/thimg_IMG_20201130_115425_250x200.jpg\"  class=\"wpl_gallery_image \" id=\"wpl_gallery_image1156\" width=\"250\" height=\"200\" alt=\"Quito, Malaga, ,Nave Industrial,Se Vende,Quito,1033\" title=\"Quito, Malaga, ,Nave Industrial,Se Vende,Quito,1033\" style=\"max-height:200px\" \/><\/li><\/ul>    <div class=\"wpl-slider-bx-pager-wp\" id=\"bx-pager-13\">\r\n        <div class=\"wpl-slider-bx-img-count\" id=\"img-count-13\">12<\/div><a data-slide-index=\"0\" href=\"\"><img loading=\"lazy\" decoding=\"async\" src=\"https:\/\/andalhome.com\/wp-content\/uploads\/WPL\/72\/thimg_IMG_20201130_115154_100x80.jpg\" width=\"100\" height=\"80\" style=\"width: 100px; height: 80px;\" itemprop=\"image\" alt=\"Quito, Malaga, ,Nave Industrial,Se Vende,Quito,1033\" title=\"Quito, Malaga, ,Nave Industrial,Se Vende,Quito,1033\" \/><\/a><a data-slide-index=\"1\" href=\"\"><img loading=\"lazy\" decoding=\"async\" src=\"https:\/\/andalhome.com\/wp-content\/uploads\/WPL\/72\/thimg_IMG_20201130_115203_100x80.jpg\" width=\"100\" height=\"80\" style=\"width: 100px; height: 80px;\" itemprop=\"image\" alt=\"Quito, Malaga, ,Nave Industrial,Se Vende,Quito,1033\" title=\"Quito, Malaga, ,Nave Industrial,Se Vende,Quito,1033\" \/><\/a><a data-slide-index=\"2\" href=\"\"><img loading=\"lazy\" decoding=\"async\" src=\"https:\/\/andalhome.com\/wp-content\/uploads\/WPL\/72\/thimg_IMG_20201130_115217_100x80.jpg\" width=\"100\" height=\"80\" style=\"width: 100px; height: 80px;\" itemprop=\"image\" alt=\"Quito, Malaga, ,Nave Industrial,Se Vende,Quito,1033\" title=\"Quito, Malaga, ,Nave Industrial,Se Vende,Quito,1033\" \/><\/a><a data-slide-index=\"3\" href=\"\"><img loading=\"lazy\" decoding=\"async\" src=\"https:\/\/andalhome.com\/wp-content\/uploads\/WPL\/72\/thimg_IMG_20201130_115219_100x80.jpg\" width=\"100\" height=\"80\" style=\"width: 100px; height: 80px;\" itemprop=\"image\" alt=\"Quito, Malaga, ,Nave Industrial,Se Vende,Quito,1033\" title=\"Quito, Malaga, ,Nave Industrial,Se Vende,Quito,1033\" \/><\/a><a data-slide-index=\"4\" href=\"\"><img loading=\"lazy\" decoding=\"async\" src=\"https:\/\/andalhome.com\/wp-content\/uploads\/WPL\/72\/thimg_IMG_20201130_115233_100x80.jpg\" width=\"100\" height=\"80\" style=\"width: 100px; height: 80px;\" itemprop=\"image\" alt=\"Quito, Malaga, ,Nave Industrial,Se Vende,Quito,1033\" title=\"Quito, Malaga, ,Nave Industrial,Se Vende,Quito,1033\" \/><\/a><a data-slide-index=\"5\" href=\"\"><img loading=\"lazy\" decoding=\"async\" src=\"https:\/\/andalhome.com\/wp-content\/uploads\/WPL\/72\/thimg_IMG_20201130_115235_100x80.jpg\" width=\"100\" height=\"80\" style=\"width: 100px; height: 80px;\" itemprop=\"image\" alt=\"Quito, Malaga, ,Nave Industrial,Se Vende,Quito,1033\" title=\"Quito, Malaga, ,Nave Industrial,Se Vende,Quito,1033\" \/><\/a><a data-slide-index=\"6\" href=\"\"><img loading=\"lazy\" decoding=\"async\" src=\"https:\/\/andalhome.com\/wp-content\/uploads\/WPL\/72\/thimg_IMG_20201130_115245_100x80.jpg\" width=\"100\" height=\"80\" style=\"width: 100px; height: 80px;\" itemprop=\"image\" alt=\"Quito, Malaga, ,Nave Industrial,Se Vende,Quito,1033\" title=\"Quito, Malaga, ,Nave Industrial,Se Vende,Quito,1033\" \/><\/a><a data-slide-index=\"7\" href=\"\"><img loading=\"lazy\" decoding=\"async\" src=\"https:\/\/andalhome.com\/wp-content\/uploads\/WPL\/72\/thimg_IMG_20201130_115250_100x80.jpg\" width=\"100\" height=\"80\" style=\"width: 100px; height: 80px;\" itemprop=\"image\" alt=\"Quito, Malaga, ,Nave Industrial,Se Vende,Quito,1033\" title=\"Quito, Malaga, ,Nave Industrial,Se Vende,Quito,1033\" \/><\/a><a data-slide-index=\"8\" href=\"\"><img loading=\"lazy\" decoding=\"async\" src=\"https:\/\/andalhome.com\/wp-content\/uploads\/WPL\/72\/thimg_IMG_20201130_115336_100x80.jpg\" width=\"100\" height=\"80\" style=\"width: 100px; height: 80px;\" itemprop=\"image\" alt=\"Quito, Malaga, ,Nave Industrial,Se Vende,Quito,1033\" title=\"Quito, Malaga, ,Nave Industrial,Se Vende,Quito,1033\" \/><\/a><a data-slide-index=\"9\" href=\"\"><img loading=\"lazy\" decoding=\"async\" src=\"https:\/\/andalhome.com\/wp-content\/uploads\/WPL\/72\/thimg_IMG_20201130_115350_100x80.jpg\" width=\"100\" height=\"80\" style=\"width: 100px; height: 80px;\" itemprop=\"image\" alt=\"Quito, Malaga, ,Nave Industrial,Se Vende,Quito,1033\" title=\"Quito, Malaga, ,Nave Industrial,Se Vende,Quito,1033\" \/><\/a><a data-slide-index=\"10\" href=\"\"><img loading=\"lazy\" decoding=\"async\" src=\"https:\/\/andalhome.com\/wp-content\/uploads\/WPL\/72\/thimg_IMG_20201130_115422_100x80.jpg\" width=\"100\" height=\"80\" style=\"width: 100px; height: 80px;\" itemprop=\"image\" alt=\"Quito, Malaga, ,Nave Industrial,Se Vende,Quito,1033\" title=\"Quito, Malaga, ,Nave Industrial,Se Vende,Quito,1033\" \/><\/a><a data-slide-index=\"11\" href=\"\"><img loading=\"lazy\" decoding=\"async\" src=\"https:\/\/andalhome.com\/wp-content\/uploads\/WPL\/72\/thimg_IMG_20201130_115425_100x80.jpg\" width=\"100\" height=\"80\" style=\"width: 100px; height: 80px;\" itemprop=\"image\" alt=\"Quito, Malaga, ,Nave Industrial,Se Vende,Quito,1033\" title=\"Quito, Malaga, ,Nave Industrial,Se Vende,Quito,1033\" \/><\/a>    <\/div>\r\n        \r\n<\/div>\t\t\t\t<\/div>\r\n\t\t\t\t<div class=\"wpl_prp_top_boxes back\">\r\n\t\t\t\t\t<a  id=\"prp_link_id_72\" href=\"https:\/\/andalhome.com\/en\/aqui-estan-los-inmuebles-disponibles-properties\/72-Nave-Industrial-Quito-Malaga-420-000EUR\/\" class=\"view_detail\">More Details<\/a>\r\n\t\t\t\t<\/div>\r\n\t\t\t<\/div>\r\n\t\t\t<div class=\"wpl_prp_bot\">\r\n\r\n\t\t\t\t<a id=\"prp_link_id_72_view_detail\" href=\"https:\/\/andalhome.com\/en\/aqui-estan-los-inmuebles-disponibles-properties\/72-Nave-Industrial-Quito-Malaga-420-000EUR\/\" class=\"view_detail\" title=\"Magnifica Nave Industrial en el Viso\">\r\n\t\t\t\t\t<h3 class=\"wpl_prp_title\"\t > Magnifica Nave Industrial en el Viso<\/h3>\r\n\t\t\t\t<\/a>\r\n\r\n\t\t\t\t\t\t\t\t<h4 class=\"wpl_prp_listing_location\"><span   ><span >Quito, Malaga<\/span><\/span><\/h4>\r\n\t\t\t\t\t\t\t\t<div class=\"wpl_prp_listing_icon_box\">\r\n\t\t\t\t\t<div class=\"pic_count\"><span class=\"value\">12<\/span><span class=\"name\">Picture(s)<\/span><\/div><div class=\"built_up_area\">560<span>m&sup2;<\/span><\/div>\t\t\t\t\t\t\t\t\t<\/div>\r\n\t\t\t\t<div class=\"wpl_prp_desc\" >Magnifica nave industrial muy bien comunicada y a escasos metros de la autov\u00eda. Totalmente di\u00e1fana, sin columnas y con una altura de unos 7 metros. Por su ubicaci\u00f3n en la calle tiene una perfecta maniobrabilidad para cualquier tipo de cami\u00f3n en carga y descarga. Su acceso es inmejorable, dispone de aseos y tres espacios para oficinas o peque\u00f1os almacenes de unos 70  metros  en dos plantas.<\/div>\r\n\t\t\t<\/div>\r\n\t\t\t<div class=\"price_box\"  >\r\n\t\t\t\t<span >420,000\u20ac<\/span>\r\n\t\t\t<\/div>\r\n\r\n\t\t\t\t\t<\/div>\r\n\t<\/div>\r\n\t\r\n<\/div>\r\n\r\n<div class=\"wpl_pagination_container\">\r\n    <ul class=\"pagination\"><\/ul>\n<span class=\"wpl_total_result\">1 Results returned.<\/span><span class=\"wpl_page_size\"><span class=\"wpl_page_size_title\">Per Page <\/span><select class=\"wpl_page_size_options\" onchange=\"wpl_pagesize_changed(this.value);\"><option value=\"6\" >6<\/option><option value=\"12\" >12<\/option><option value=\"18\" selected=\"selected\">18<\/option><option value=\"24\" >24<\/option><option value=\"30\" >30<\/option><option value=\"100\" >100<\/option><\/select><\/span><\/div>\r\n    <\/div>\r\n    \r\n        <div id=\"wpl_plisting_lightbox_content_container\" class=\"wpl-util-hidden\"><\/div>\r\n\r\n        <a id=\"wpl_favorites_lightbox\" class=\"wpl-util-hidden\" data-realtyna-href=\"#wpl_plisting_lightbox_content_container\" data-realtyna-lightbox-opts=\"title:Login to continue\"><\/a>\r\n\r\n<\/div>\r\n\r\n<div class=\"wpl-powered-by-realtyna\">\r\n    <a href=\"https:\/\/realtyna.com\/wpl-platform\/ref\/4\/\">\r\n        <img decoding=\"async\" src=\"https:\/\/andalhome.com\/wp-content\/plugins\/real-estate-listing-realtyna-wpl\/assets\/img\/idx\/powered-by-realtyna.png\" alt=\"Realtyna\" title=\"Powered By Realtyna\" width=\"120\" \/>\r\n    <\/a>\r\n<\/div>\r\n\r\n\n<p>&nbsp;<\/p>\n","protected":false},"excerpt":{"rendered":"<p>&nbsp;<\/p>\n","protected":false},"author":1,"featured_media":0,"parent":3480,"menu_order":0,"comment_status":"closed","ping_status":"closed","template":"","meta":{"footnotes":""},"translation":{"provider":"WPGlobus","version":"2.12.2","language":"en","enabled_languages":["es","en"],"languages":{"es":{"title":true,"content":true,"excerpt":false},"en":{"title":false,"content":false,"excerpt":false}}},"yoast_head":"<!-- This site is optimized with the Yoast SEO plugin v22.1 - https:\/\/yoast.com\/wordpress\/plugins\/seo\/ -->\n<title>Inmuebles en Venta &#8211; ANDALHOME<\/title>\n<meta name=\"robots\" content=\"index, follow, max-snippet:-1, max-image-preview:large, max-video-preview:-1\" \/>\n<link rel=\"canonical\" href=\"https:\/\/andalhome.com\/accesos-directos-inmuebles-en-venta-alquiler-o-compra\/inmuebles-en-venta\/\" \/>\n<meta property=\"og:locale\" content=\"en_US\" \/>\n<meta property=\"og:type\" content=\"article\" \/>\n<meta property=\"og:title\" content=\"Inmuebles en Venta &#8211; ANDALHOME\" \/>\n<meta property=\"og:url\" content=\"https:\/\/andalhome.com\/accesos-directos-inmuebles-en-venta-alquiler-o-compra\/inmuebles-en-venta\/\" \/>\n<meta property=\"og:site_name\" content=\"ANDALHOME\" \/>\n<meta property=\"article:publisher\" content=\"http:\/\/www.facebook.com\/andalhome\" \/>\n<meta property=\"article:modified_time\" content=\"2019-03-12T17:08:50+00:00\" \/>\n<meta property=\"og:image\" content=\"https:\/\/andalhome.com\/wp-content\/uploads\/2015\/10\/ANDALHOME-el-logotipo-de-facebook.png\" \/>\n\t<meta property=\"og:image:width\" content=\"468\" \/>\n\t<meta property=\"og:image:height\" content=\"70\" \/>\n\t<meta property=\"og:image:type\" content=\"image\/png\" \/>\n<script type=\"application\/ld+json\" class=\"yoast-schema-graph\">{\"@context\":\"https:\/\/schema.org\",\"@graph\":[{\"@type\":\"WebPage\",\"@id\":\"https:\/\/andalhome.com\/accesos-directos-inmuebles-en-venta-alquiler-o-compra\/inmuebles-en-venta\/\",\"url\":\"https:\/\/andalhome.com\/accesos-directos-inmuebles-en-venta-alquiler-o-compra\/inmuebles-en-venta\/\",\"name\":\"Inmuebles en Venta &#8211; ANDALHOME\",\"isPartOf\":{\"@id\":\"https:\/\/andalhome.com\/#website\"},\"datePublished\":\"2017-06-13T10:19:36+00:00\",\"dateModified\":\"2019-03-12T17:08:50+00:00\",\"description\":\"Aqui est\u00e1n todos nuestros inmuebles en venta. Encontraras todos los diferentes inmuebles que actualmente se encuentran en venta\",\"breadcrumb\":{\"@id\":\"https:\/\/andalhome.com\/accesos-directos-inmuebles-en-venta-alquiler-o-compra\/inmuebles-en-venta\/#breadcrumb\"},\"inLanguage\":\"en-US\",\"potentialAction\":[{\"@type\":\"ReadAction\",\"target\":[\"https:\/\/andalhome.com\/accesos-directos-inmuebles-en-venta-alquiler-o-compra\/inmuebles-en-venta\/\"]}]},{\"@type\":\"BreadcrumbList\",\"@id\":\"https:\/\/andalhome.com\/accesos-directos-inmuebles-en-venta-alquiler-o-compra\/inmuebles-en-venta\/#breadcrumb\",\"itemListElement\":[{\"@type\":\"ListItem\",\"position\":1,\"name\":\"Accesos Directos\",\"item\":\"https:\/\/andalhome.com\/accesos-directos-inmuebles-en-venta-alquiler-o-compra\/\"},{\"@type\":\"ListItem\",\"position\":2,\"name\":\"Inmuebles en Venta\"}]},{\"@type\":\"WebSite\",\"@id\":\"https:\/\/andalhome.com\/#website\",\"url\":\"https:\/\/andalhome.com\/\",\"name\":\"ANDALHOME\",\"description\":\"ANDALHOME OFFERS YOU A COMPREHENSIVE REAL ESTATE SERVICE FROM PURCHASE\/RENTAL TO FINANCING AND OF COURSE ALL THE ADVICE YOU NEED\",\"publisher\":{\"@id\":\"https:\/\/andalhome.com\/#organization\"},\"potentialAction\":[{\"@type\":\"SearchAction\",\"target\":{\"@type\":\"EntryPoint\",\"urlTemplate\":\"https:\/\/andalhome.com\/?s={search_term_string}\"},\"query-input\":\"required name=search_term_string\"}],\"inLanguage\":\"en-US\"},{\"@type\":\"Organization\",\"@id\":\"https:\/\/andalhome.com\/#organization\",\"name\":\"Andalhome\",\"url\":\"https:\/\/andalhome.com\/\",\"logo\":{\"@type\":\"ImageObject\",\"inLanguage\":\"en-US\",\"@id\":\"https:\/\/andalhome.com\/#\/schema\/logo\/image\/\",\"url\":\"https:\/\/andalhome.com\/wp-content\/uploads\/2015\/10\/image003.jpg\",\"contentUrl\":\"https:\/\/andalhome.com\/wp-content\/uploads\/2015\/10\/image003.jpg\",\"width\":957,\"height\":212,\"caption\":\"Andalhome\"},\"image\":{\"@id\":\"https:\/\/andalhome.com\/#\/schema\/logo\/image\/\"},\"sameAs\":[\"http:\/\/www.facebook.com\/andalhome\"]}]}<\/script>\n<!-- \/ Yoast SEO plugin. -->","yoast_head_json":{"title":"Inmuebles en Venta &#8211; ANDALHOME","robots":{"index":"index","follow":"follow","max-snippet":"max-snippet:-1","max-image-preview":"max-image-preview:large","max-video-preview":"max-video-preview:-1"},"canonical":"https:\/\/andalhome.com\/accesos-directos-inmuebles-en-venta-alquiler-o-compra\/inmuebles-en-venta\/","og_locale":"en_US","og_type":"article","og_title":"Inmuebles en Venta &#8211; ANDALHOME","og_url":"https:\/\/andalhome.com\/accesos-directos-inmuebles-en-venta-alquiler-o-compra\/inmuebles-en-venta\/","og_site_name":"ANDALHOME","article_publisher":"http:\/\/www.facebook.com\/andalhome","article_modified_time":"2019-03-12T17:08:50+00:00","og_image":[{"width":468,"height":70,"url":"https:\/\/andalhome.com\/wp-content\/uploads\/2015\/10\/ANDALHOME-el-logotipo-de-facebook.png","type":"image\/png"}],"schema":{"@context":"https:\/\/schema.org","@graph":[{"@type":"WebPage","@id":"https:\/\/andalhome.com\/accesos-directos-inmuebles-en-venta-alquiler-o-compra\/inmuebles-en-venta\/","url":"https:\/\/andalhome.com\/accesos-directos-inmuebles-en-venta-alquiler-o-compra\/inmuebles-en-venta\/","name":"Inmuebles en Venta &#8211; ANDALHOME","isPartOf":{"@id":"https:\/\/andalhome.com\/#website"},"datePublished":"2017-06-13T10:19:36+00:00","dateModified":"2019-03-12T17:08:50+00:00","description":"Aqui est\u00e1n todos nuestros inmuebles en venta. Encontraras todos los diferentes inmuebles que actualmente se encuentran en venta","breadcrumb":{"@id":"https:\/\/andalhome.com\/accesos-directos-inmuebles-en-venta-alquiler-o-compra\/inmuebles-en-venta\/#breadcrumb"},"inLanguage":"en-US","potentialAction":[{"@type":"ReadAction","target":["https:\/\/andalhome.com\/accesos-directos-inmuebles-en-venta-alquiler-o-compra\/inmuebles-en-venta\/"]}]},{"@type":"BreadcrumbList","@id":"https:\/\/andalhome.com\/accesos-directos-inmuebles-en-venta-alquiler-o-compra\/inmuebles-en-venta\/#breadcrumb","itemListElement":[{"@type":"ListItem","position":1,"name":"Accesos Directos","item":"https:\/\/andalhome.com\/accesos-directos-inmuebles-en-venta-alquiler-o-compra\/"},{"@type":"ListItem","position":2,"name":"Inmuebles en Venta"}]},{"@type":"WebSite","@id":"https:\/\/andalhome.com\/#website","url":"https:\/\/andalhome.com\/","name":"ANDALHOME","description":"ANDALHOME OFFERS YOU A COMPREHENSIVE REAL ESTATE SERVICE FROM PURCHASE\/RENTAL TO FINANCING AND OF COURSE ALL THE ADVICE YOU NEED","publisher":{"@id":"https:\/\/andalhome.com\/#organization"},"potentialAction":[{"@type":"SearchAction","target":{"@type":"EntryPoint","urlTemplate":"https:\/\/andalhome.com\/?s={search_term_string}"},"query-input":"required name=search_term_string"}],"inLanguage":"en-US"},{"@type":"Organization","@id":"https:\/\/andalhome.com\/#organization","name":"Andalhome","url":"https:\/\/andalhome.com\/","logo":{"@type":"ImageObject","inLanguage":"en-US","@id":"https:\/\/andalhome.com\/#\/schema\/logo\/image\/","url":"https:\/\/andalhome.com\/wp-content\/uploads\/2015\/10\/image003.jpg","contentUrl":"https:\/\/andalhome.com\/wp-content\/uploads\/2015\/10\/image003.jpg","width":957,"height":212,"caption":"Andalhome"},"image":{"@id":"https:\/\/andalhome.com\/#\/schema\/logo\/image\/"},"sameAs":["http:\/\/www.facebook.com\/andalhome"]}]}},"_links":{"self":[{"href":"https:\/\/andalhome.com\/en\/wp-json\/wp\/v2\/pages\/4019"}],"collection":[{"href":"https:\/\/andalhome.com\/en\/wp-json\/wp\/v2\/pages"}],"about":[{"href":"https:\/\/andalhome.com\/en\/wp-json\/wp\/v2\/types\/page"}],"author":[{"embeddable":true,"href":"https:\/\/andalhome.com\/en\/wp-json\/wp\/v2\/users\/1"}],"replies":[{"embeddable":true,"href":"https:\/\/andalhome.com\/en\/wp-json\/wp\/v2\/comments?post=4019"}],"version-history":[{"count":14,"href":"https:\/\/andalhome.com\/en\/wp-json\/wp\/v2\/pages\/4019\/revisions"}],"predecessor-version":[{"id":4525,"href":"https:\/\/andalhome.com\/en\/wp-json\/wp\/v2\/pages\/4019\/revisions\/4525"}],"up":[{"embeddable":true,"href":"https:\/\/andalhome.com\/en\/wp-json\/wp\/v2\/pages\/3480"}],"wp:attachment":[{"href":"https:\/\/andalhome.com\/en\/wp-json\/wp\/v2\/media?parent=4019"}],"curies":[{"name":"wp","href":"https:\/\/api.w.org\/{rel}","templated":true}]}}