{"id":4078,"date":"2017-07-07T18:16:14","date_gmt":"2017-07-07T16:16:14","guid":{"rendered":"http:\/\/andalhome.com\/?page_id=4078"},"modified":"2019-02-27T18:22:10","modified_gmt":"2019-02-27T17:22:10","slug":"se-compra-aqui-estan-los-inmuebles-que-nuestros-clientes-desean-adquirir","status":"publish","type":"page","link":"https:\/\/andalhome.com\/en\/accesos-directos-inmuebles-en-venta-alquiler-o-compra\/se-compra-aqui-estan-los-inmuebles-que-nuestros-clientes-desean-adquirir\/","title":{"rendered":"Se Compra"},"content":{"rendered":"<div class=\"wpl_property_listing_container \" id=\"wpl_property_listing_container\">\r\n\t    \r\n        \r\n        <div class=\"wpl_property_listing_list_view_container\">\r\n        \r\n<div class=\"wpl_sort_options_container\">\r\n\r\n            <div class=\"wpl_sort_options_container_title\">Sort Option<\/div>\r\n        <div class=\"wpl-sort-options-list active \"><ul><li><div class=\"wpl_plist_sort\" onclick=\"wpl_page_sortchange('wplorderby=p.mls_id&amp;wplorder=DESC');\">Listado ID<\/div><\/li><li><div class=\"wpl_plist_sort wpl_plist_sort_active sort_up\" onclick=\"wpl_page_sortchange('wplorderby=p.price_si&amp;wplorder=DESC');\">Precio<\/div><\/li><li><div class=\"wpl_plist_sort\" onclick=\"wpl_page_sortchange('wplorderby=p.living_area_si&amp;wplorder=DESC');\">Area Construida<\/div><\/li><li><div class=\"wpl_plist_sort\" onclick=\"wpl_page_sortchange('wplorderby=p.bedrooms&amp;wplorder=DESC');\">Dormitorios<\/div><\/li><li><div class=\"wpl_plist_sort\" onclick=\"wpl_page_sortchange('wplorderby=p.sp_featured&amp;wplorder=DESC');\">Featured<\/div><\/li><li><div class=\"wpl_plist_sort\" onclick=\"wpl_page_sortchange('wplorderby=p.zip_name&amp;wplorder=DESC');\">C\u00f3digo Postal<\/div><\/li><li><div class=\"wpl_plist_sort\" onclick=\"wpl_page_sortchange('wplorderby=p.field_312&amp;wplorder=DESC');\">T\u00edtulo P\u00e1gina Inmueble<\/div><\/li><\/ul><\/div>\r\n        <span class=\"wpl-sort-options-selectbox  wpl-util-hidden\"><select class=\"wpl_plist_sort\" onchange=\"wpl_page_sortchange(this.value);\"><option value=\"wplorderby=p.mls_id&amp;wplorder=DESC\" >Listado ID descending<\/option><option value=\"wplorderby=p.mls_id&amp;wplorder=ASC\" >Listado ID ascending<\/option><option value=\"wplorderby=p.price_si&amp;wplorder=DESC\" >Precio descending<\/option><option value=\"wplorderby=p.price_si&amp;wplorder=ASC\" selected=\"selected\">Precio ascending<\/option><option value=\"wplorderby=p.living_area_si&amp;wplorder=DESC\" >Area Construida descending<\/option><option value=\"wplorderby=p.living_area_si&amp;wplorder=ASC\" >Area Construida ascending<\/option><option value=\"wplorderby=p.bedrooms&amp;wplorder=DESC\" >Dormitorios descending<\/option><option value=\"wplorderby=p.bedrooms&amp;wplorder=ASC\" >Dormitorios ascending<\/option><option value=\"wplorderby=p.sp_featured&amp;wplorder=DESC\" >Featured descending<\/option><option value=\"wplorderby=p.sp_featured&amp;wplorder=ASC\" >Featured ascending<\/option><option value=\"wplorderby=p.zip_name&amp;wplorder=DESC\" >C\u00f3digo Postal descending<\/option><option value=\"wplorderby=p.zip_name&amp;wplorder=ASC\" >C\u00f3digo Postal ascending<\/option><option value=\"wplorderby=p.field_312&amp;wplorder=DESC\" >T\u00edtulo P\u00e1gina Inmueble descending<\/option><option value=\"wplorderby=p.field_312&amp;wplorder=ASC\" >T\u00edtulo P\u00e1gina Inmueble ascending<\/option><\/select><\/span>\r\n        \r\n        <div class=\"wpl_list_grid_switcher \">\r\n        <div id=\"grid_view\" class=\"wpl-tooltip-top grid_view active\">\r\n                    <\/div>\r\n                    <div class=\"wpl-util-hidden\">Grid<\/div>\r\n        \r\n        <div id=\"list_view\" class=\"wpl-tooltip-top list_view \">\r\n                    <\/div>\r\n                    <div class=\"wpl-util-hidden\">List<\/div>\r\n        \r\n            <\/div>\r\n    \r\n        \r\n        \r\n        \r\n    <\/div>\r\n\r\n<div class=\"wpl-row wpl-expanded wpl-small-up-1 wpl-medium-up-2 wpl-large-up-3  wpl_property_listing_listings_container clearfix\">\r\n\r\n    \r\n    \r\n<\/div>\r\n\r\n<div class=\"wpl_pagination_container\">\r\n    <ul class=\"pagination\"><\/ul>\n<span class=\"wpl_total_result\">0 Results returned.<\/span><span class=\"wpl_page_size\"><span class=\"wpl_page_size_title\">Per Page <\/span><select class=\"wpl_page_size_options\" onchange=\"wpl_pagesize_changed(this.value);\"><option value=\"6\" >6<\/option><option value=\"12\" >12<\/option><option value=\"18\" selected=\"selected\">18<\/option><option value=\"24\" >24<\/option><option value=\"30\" >30<\/option><option value=\"100\" >100<\/option><\/select><\/span><\/div>\r\n    <\/div>\r\n    \r\n        <div id=\"wpl_plisting_lightbox_content_container\" class=\"wpl-util-hidden\"><\/div>\r\n\r\n        <a id=\"wpl_favorites_lightbox\" class=\"wpl-util-hidden\" data-realtyna-href=\"#wpl_plisting_lightbox_content_container\" data-realtyna-lightbox-opts=\"title:Login to continue\"><\/a>\r\n\r\n<\/div>\r\n\r\n<div class=\"wpl-powered-by-realtyna\">\r\n    <a href=\"https:\/\/realtyna.com\/wpl-platform\/ref\/4\/\">\r\n        <img decoding=\"async\" src=\"https:\/\/andalhome.com\/wp-content\/plugins\/real-estate-listing-realtyna-wpl\/assets\/img\/idx\/powered-by-realtyna.png\" alt=\"Realtyna\" title=\"Powered By Realtyna\" width=\"120\" \/>\r\n    <\/a>\r\n<\/div>\r\n\r\n\n","protected":false},"excerpt":{"rendered":"","protected":false},"author":5,"featured_media":0,"parent":3480,"menu_order":0,"comment_status":"closed","ping_status":"closed","template":"","meta":{"footnotes":""},"translation":{"provider":"WPGlobus","version":"2.12.2","language":"en","enabled_languages":["es","en"],"languages":{"es":{"title":true,"content":true,"excerpt":false},"en":{"title":false,"content":false,"excerpt":false}}},"yoast_head":"<!-- This site is optimized with the Yoast SEO plugin v22.1 - https:\/\/yoast.com\/wordpress\/plugins\/seo\/ -->\n<title>ANDALHOME &#8211; Se Compra &#8211; Pincha aqu\u00ed para consultar los inmuebles<\/title>\n<meta name=\"robots\" content=\"index, follow, max-snippet:-1, max-image-preview:large, max-video-preview:-1\" \/>\n<link rel=\"canonical\" href=\"https:\/\/andalhome.com\/accesos-directos-inmuebles-en-venta-alquiler-o-compra\/se-compra-aqui-estan-los-inmuebles-que-nuestros-clientes-desean-adquirir\/\" \/>\n<meta property=\"og:locale\" content=\"en_US\" \/>\n<meta property=\"og:type\" content=\"article\" \/>\n<meta property=\"og:title\" content=\"Se Compra &#8211; ANDALHOME\" \/>\n<meta property=\"og:url\" content=\"https:\/\/andalhome.com\/accesos-directos-inmuebles-en-venta-alquiler-o-compra\/se-compra-aqui-estan-los-inmuebles-que-nuestros-clientes-desean-adquirir\/\" \/>\n<meta property=\"og:site_name\" content=\"ANDALHOME\" \/>\n<meta property=\"article:publisher\" content=\"http:\/\/www.facebook.com\/andalhome\" \/>\n<meta property=\"article:modified_time\" content=\"2019-02-27T17:22:10+00:00\" \/>\n<meta property=\"og:image\" content=\"https:\/\/andalhome.com\/wp-content\/uploads\/2015\/10\/ANDALHOME-el-logotipo-de-facebook.png\" \/>\n\t<meta property=\"og:image:width\" content=\"468\" \/>\n\t<meta property=\"og:image:height\" content=\"70\" \/>\n\t<meta property=\"og:image:type\" content=\"image\/png\" \/>\n<script type=\"application\/ld+json\" class=\"yoast-schema-graph\">{\"@context\":\"https:\/\/schema.org\",\"@graph\":[{\"@type\":\"WebPage\",\"@id\":\"https:\/\/andalhome.com\/accesos-directos-inmuebles-en-venta-alquiler-o-compra\/se-compra-aqui-estan-los-inmuebles-que-nuestros-clientes-desean-adquirir\/\",\"url\":\"https:\/\/andalhome.com\/accesos-directos-inmuebles-en-venta-alquiler-o-compra\/se-compra-aqui-estan-los-inmuebles-que-nuestros-clientes-desean-adquirir\/\",\"name\":\"ANDALHOME &#8211; Se Compra &#8211; Pincha aqu\u00ed para consultar los inmuebles\",\"isPartOf\":{\"@id\":\"https:\/\/andalhome.com\/#website\"},\"datePublished\":\"2017-07-07T16:16:14+00:00\",\"dateModified\":\"2019-02-27T17:22:10+00:00\",\"description\":\"Aqu\u00ed est\u00e1n los inmuebles que nuestros clientes desean adquirir. Cons\u00faltalos puesto que podrian ser muy interesantes para ti.\",\"breadcrumb\":{\"@id\":\"https:\/\/andalhome.com\/accesos-directos-inmuebles-en-venta-alquiler-o-compra\/se-compra-aqui-estan-los-inmuebles-que-nuestros-clientes-desean-adquirir\/#breadcrumb\"},\"inLanguage\":\"en-US\",\"potentialAction\":[{\"@type\":\"ReadAction\",\"target\":[\"https:\/\/andalhome.com\/accesos-directos-inmuebles-en-venta-alquiler-o-compra\/se-compra-aqui-estan-los-inmuebles-que-nuestros-clientes-desean-adquirir\/\"]}]},{\"@type\":\"BreadcrumbList\",\"@id\":\"https:\/\/andalhome.com\/accesos-directos-inmuebles-en-venta-alquiler-o-compra\/se-compra-aqui-estan-los-inmuebles-que-nuestros-clientes-desean-adquirir\/#breadcrumb\",\"itemListElement\":[{\"@type\":\"ListItem\",\"position\":1,\"name\":\"Accesos Directos\",\"item\":\"https:\/\/andalhome.com\/accesos-directos-inmuebles-en-venta-alquiler-o-compra\/\"},{\"@type\":\"ListItem\",\"position\":2,\"name\":\"Se Compra\"}]},{\"@type\":\"WebSite\",\"@id\":\"https:\/\/andalhome.com\/#website\",\"url\":\"https:\/\/andalhome.com\/\",\"name\":\"ANDALHOME\",\"description\":\"ANDALHOME OFFERS YOU A COMPREHENSIVE REAL ESTATE SERVICE FROM PURCHASE\/RENTAL TO FINANCING AND OF COURSE ALL THE ADVICE YOU NEED\",\"publisher\":{\"@id\":\"https:\/\/andalhome.com\/#organization\"},\"potentialAction\":[{\"@type\":\"SearchAction\",\"target\":{\"@type\":\"EntryPoint\",\"urlTemplate\":\"https:\/\/andalhome.com\/?s={search_term_string}\"},\"query-input\":\"required name=search_term_string\"}],\"inLanguage\":\"en-US\"},{\"@type\":\"Organization\",\"@id\":\"https:\/\/andalhome.com\/#organization\",\"name\":\"Andalhome\",\"url\":\"https:\/\/andalhome.com\/\",\"logo\":{\"@type\":\"ImageObject\",\"inLanguage\":\"en-US\",\"@id\":\"https:\/\/andalhome.com\/#\/schema\/logo\/image\/\",\"url\":\"https:\/\/andalhome.com\/wp-content\/uploads\/2015\/10\/image003.jpg\",\"contentUrl\":\"https:\/\/andalhome.com\/wp-content\/uploads\/2015\/10\/image003.jpg\",\"width\":957,\"height\":212,\"caption\":\"Andalhome\"},\"image\":{\"@id\":\"https:\/\/andalhome.com\/#\/schema\/logo\/image\/\"},\"sameAs\":[\"http:\/\/www.facebook.com\/andalhome\"]}]}<\/script>\n<!-- \/ Yoast SEO plugin. -->","yoast_head_json":{"title":"ANDALHOME &#8211; Se Compra &#8211; Pincha aqu\u00ed para consultar los inmuebles","robots":{"index":"index","follow":"follow","max-snippet":"max-snippet:-1","max-image-preview":"max-image-preview:large","max-video-preview":"max-video-preview:-1"},"canonical":"https:\/\/andalhome.com\/accesos-directos-inmuebles-en-venta-alquiler-o-compra\/se-compra-aqui-estan-los-inmuebles-que-nuestros-clientes-desean-adquirir\/","og_locale":"en_US","og_type":"article","og_title":"Se Compra &#8211; ANDALHOME","og_url":"https:\/\/andalhome.com\/accesos-directos-inmuebles-en-venta-alquiler-o-compra\/se-compra-aqui-estan-los-inmuebles-que-nuestros-clientes-desean-adquirir\/","og_site_name":"ANDALHOME","article_publisher":"http:\/\/www.facebook.com\/andalhome","article_modified_time":"2019-02-27T17:22:10+00:00","og_image":[{"width":468,"height":70,"url":"https:\/\/andalhome.com\/wp-content\/uploads\/2015\/10\/ANDALHOME-el-logotipo-de-facebook.png","type":"image\/png"}],"schema":{"@context":"https:\/\/schema.org","@graph":[{"@type":"WebPage","@id":"https:\/\/andalhome.com\/accesos-directos-inmuebles-en-venta-alquiler-o-compra\/se-compra-aqui-estan-los-inmuebles-que-nuestros-clientes-desean-adquirir\/","url":"https:\/\/andalhome.com\/accesos-directos-inmuebles-en-venta-alquiler-o-compra\/se-compra-aqui-estan-los-inmuebles-que-nuestros-clientes-desean-adquirir\/","name":"ANDALHOME &#8211; Se Compra &#8211; Pincha aqu\u00ed para consultar los inmuebles","isPartOf":{"@id":"https:\/\/andalhome.com\/#website"},"datePublished":"2017-07-07T16:16:14+00:00","dateModified":"2019-02-27T17:22:10+00:00","description":"Aqu\u00ed est\u00e1n los inmuebles que nuestros clientes desean adquirir. Cons\u00faltalos puesto que podrian ser muy interesantes para ti.","breadcrumb":{"@id":"https:\/\/andalhome.com\/accesos-directos-inmuebles-en-venta-alquiler-o-compra\/se-compra-aqui-estan-los-inmuebles-que-nuestros-clientes-desean-adquirir\/#breadcrumb"},"inLanguage":"en-US","potentialAction":[{"@type":"ReadAction","target":["https:\/\/andalhome.com\/accesos-directos-inmuebles-en-venta-alquiler-o-compra\/se-compra-aqui-estan-los-inmuebles-que-nuestros-clientes-desean-adquirir\/"]}]},{"@type":"BreadcrumbList","@id":"https:\/\/andalhome.com\/accesos-directos-inmuebles-en-venta-alquiler-o-compra\/se-compra-aqui-estan-los-inmuebles-que-nuestros-clientes-desean-adquirir\/#breadcrumb","itemListElement":[{"@type":"ListItem","position":1,"name":"Accesos Directos","item":"https:\/\/andalhome.com\/accesos-directos-inmuebles-en-venta-alquiler-o-compra\/"},{"@type":"ListItem","position":2,"name":"Se Compra"}]},{"@type":"WebSite","@id":"https:\/\/andalhome.com\/#website","url":"https:\/\/andalhome.com\/","name":"ANDALHOME","description":"ANDALHOME OFFERS YOU A COMPREHENSIVE REAL ESTATE SERVICE FROM PURCHASE\/RENTAL TO FINANCING AND OF COURSE ALL THE ADVICE YOU NEED","publisher":{"@id":"https:\/\/andalhome.com\/#organization"},"potentialAction":[{"@type":"SearchAction","target":{"@type":"EntryPoint","urlTemplate":"https:\/\/andalhome.com\/?s={search_term_string}"},"query-input":"required name=search_term_string"}],"inLanguage":"en-US"},{"@type":"Organization","@id":"https:\/\/andalhome.com\/#organization","name":"Andalhome","url":"https:\/\/andalhome.com\/","logo":{"@type":"ImageObject","inLanguage":"en-US","@id":"https:\/\/andalhome.com\/#\/schema\/logo\/image\/","url":"https:\/\/andalhome.com\/wp-content\/uploads\/2015\/10\/image003.jpg","contentUrl":"https:\/\/andalhome.com\/wp-content\/uploads\/2015\/10\/image003.jpg","width":957,"height":212,"caption":"Andalhome"},"image":{"@id":"https:\/\/andalhome.com\/#\/schema\/logo\/image\/"},"sameAs":["http:\/\/www.facebook.com\/andalhome"]}]}},"_links":{"self":[{"href":"https:\/\/andalhome.com\/en\/wp-json\/wp\/v2\/pages\/4078"}],"collection":[{"href":"https:\/\/andalhome.com\/en\/wp-json\/wp\/v2\/pages"}],"about":[{"href":"https:\/\/andalhome.com\/en\/wp-json\/wp\/v2\/types\/page"}],"author":[{"embeddable":true,"href":"https:\/\/andalhome.com\/en\/wp-json\/wp\/v2\/users\/5"}],"replies":[{"embeddable":true,"href":"https:\/\/andalhome.com\/en\/wp-json\/wp\/v2\/comments?post=4078"}],"version-history":[{"count":3,"href":"https:\/\/andalhome.com\/en\/wp-json\/wp\/v2\/pages\/4078\/revisions"}],"predecessor-version":[{"id":4461,"href":"https:\/\/andalhome.com\/en\/wp-json\/wp\/v2\/pages\/4078\/revisions\/4461"}],"up":[{"embeddable":true,"href":"https:\/\/andalhome.com\/en\/wp-json\/wp\/v2\/pages\/3480"}],"wp:attachment":[{"href":"https:\/\/andalhome.com\/en\/wp-json\/wp\/v2\/media?parent=4078"}],"curies":[{"name":"wp","href":"https:\/\/api.w.org\/{rel}","templated":true}]}}