{"id":4082,"date":"2017-07-07T18:17:16","date_gmt":"2017-07-07T16:17:16","guid":{"rendered":"http:\/\/andalhome.com\/?page_id=4082"},"modified":"2021-02-10T19:22:42","modified_gmt":"2021-02-10T18:22:42","slug":"te-asesoraremos-sobre-lo-que-puedas-necesitar","status":"publish","type":"page","link":"https:\/\/andalhome.com\/en\/te-asesoraremos-sobre-lo-que-puedas-necesitar\/","title":{"rendered":"Asesor\u00eda"},"content":{"rendered":"<div class=\"row\">\n\t<div class=\"wpb_content_element wpb_single_image noframe span2\">\n\t\t<div class=\"wpb_wrapper\"><figure class=\"lightbox clearfix\">\n\t\t\t<a class=\"view\" href=\"https:\/\/andalhome.com\/wp-content\/uploads\/2017\/07\/rascacielos-360x1024.jpg\" rel=\"image-gallery\"><div class=\"overlay\"><div class=\"thumb-info\"><i class=\"icon-search\"><\/i><\/div><\/div><img loading=\"lazy\" decoding=\"async\" width=\"1172\" height=\"3333\" src=\"https:\/\/andalhome.com\/wp-content\/uploads\/2017\/07\/rascacielos.jpg\" class=\"attachment-full size-full\" alt=\"\" srcset=\"https:\/\/andalhome.com\/wp-content\/uploads\/2017\/07\/rascacielos.jpg 1172w, https:\/\/andalhome.com\/wp-content\/uploads\/2017\/07\/rascacielos-105x300.jpg 105w, https:\/\/andalhome.com\/wp-content\/uploads\/2017\/07\/rascacielos-768x2184.jpg 768w, https:\/\/andalhome.com\/wp-content\/uploads\/2017\/07\/rascacielos-360x1024.jpg 360w\" sizes=\"(max-width: 1172px) 100vw, 1172px\" title=\"rascacielos\" \/><\/a><\/figure>\n\t\t<\/div> \n\t<\/div>  \n\t<div class=\"wpb_tabs wpb_content_element span6\" data-interval=\"0\">\n\t\t<div class=\"wpb_wrapper wpb_tour_tabs_wrapper\">\n\t\t\t<ul class=\"clearfix\"><li><a href=\"#tab-asesoria-juridica\">Asesor\u00eda Jur\u00eddica<\/a><\/li><li><a href=\"#tab-asesoria-inmobiliaria\">Asesor\u00eda Inmobiliaria<\/a><\/li><li><a href=\"#tab-otros-servicios\">Otros Servicios<\/a><\/li><li><a href=\"#tab-extranjeria\">Extranjer\u00eda<\/a><\/li><\/ul>\n\n\t\t\t \n\t\t\t<div id=\"tab-asesoria-juridica\" class=\"wpb_tab row-fluid\">\n\t\t\t\t <div class=\"row\">\n\t<div class=\"wpb_content_element span8 wpb_text_column\">\n\t\t<div class=\"wpb_wrapper clearfix\">\n\t\t\t\n<ul>\n<li>Redacci\u00f3n de contratos de arras, compraventa, compraventa con precio aplazado, arrendamiento, arrendamiento con opci\u00f3n a compra, etc. y, en general, todo tipo de contratos.<\/li>\n<li>Incumplimiento contractual Gabinete jur\u00eddico<\/li>\n<li>Responsabilidad extracontractual<\/li>\n<li>Derecho Sucesorio.<\/li>\n<li>Reclamaciones de\u00a0 cantidad.<\/li>\n<li>Derechos reales, hipotecario y registral.<\/li>\n<li>Procedimientos sobre la capacidad de las personas: incapacitaciones, tutelas, curatelas, rendici\u00f3n de cuentas, etc.<\/li>\n<li>Propiedad Horizontal.<\/li>\n<li>Divisi\u00f3n Horizontal.<\/li>\n<li>Divisi\u00f3n judicial de patrimonios.<\/li>\n<li>Extinci\u00f3n de condominio.<\/li>\n<li>Expedientes de dominio.<\/li>\n<li>Acci\u00f3n declarativa de dominio.<\/li>\n<li>Defectos en la construcci\u00f3n.<\/li>\n<li>Jurisdicci\u00f3n Voluntaria: Autorizaci\u00f3n judicial de venta, declaraci\u00f3n de ausencia, de fallecimiento.<\/li>\n<\/ul>\n\n\t\t<\/div> \n\t<\/div> <\/div>\n \n\t\t\t<\/div>  \n\t\t\t<div id=\"tab-asesoria-inmobiliaria\" class=\"wpb_tab row-fluid\">\n\t\t\t\t <div class=\"row\">\n\t<div class=\"wpb_content_element span8 wpb_text_column\">\n\t\t<div class=\"wpb_wrapper clearfix\">\n\t\t\t\n<ul>\n<li>Gesti\u00f3n en la compraventa de inmuebles<\/li>\n<li>Alquiler Inmuebles<\/li>\n<li>Estudios Urban\u00edsticos<\/li>\n<li>Valoraciones de Solares e Inmuebles<\/li>\n<li>Estudios de Mercado<\/li>\n<li>Orientaci\u00f3n sobre uso y gesti\u00f3n de inmuebles<\/li>\n<li>Estudios de viabilidad ec\u00f3nomica<\/li>\n<li>Gesti\u00f3n Integral de Proyectos<\/li>\n<li>Certificados Eficiencia Energ\u00e9tica<\/li>\n<li>Decoracion Interior<\/li>\n<li>Trabajos y Reformas personalizadas.<\/li>\n<li>Inspecciones T\u00e9cnicas de Edificios (ITE\u2019s).<\/li>\n<li>Tasaciones Inmobiliarias.<\/li>\n<li>Regularizaci\u00f3n \/ Legalizaci\u00f3n de Inmuebles.<\/li>\n<li>Deslindes y Mediciones de Parcelas.<\/li>\n<li>Proyectos de Obra Nueva, Rehabilitaci\u00f3n y Urbanismo.<\/li>\n<li>Reformas de Viviendas y Locales.<\/li>\n<li>Decoraci\u00f3n e Interiorismo.<\/li>\n<li>Home staging. (Puesta en valor del inmueble para alquilar)<\/li>\n<\/ul>\n\n\t\t<\/div> \n\t<\/div> <\/div>\n \n\t\t\t<\/div>  \n\t\t\t<div id=\"tab-otros-servicios\" class=\"wpb_tab row-fluid\">\n\t\t\t\t <div class=\"row\">\n\t<div class=\"wpb_content_element span8 wpb_text_column\">\n\t\t<div class=\"wpb_wrapper clearfix\">\n\t\t\t\n<ul>\n<li>Contrataci\u00f3n todo tipo de Seguros. (Personales, Negocios, Veh\u00edculos, Hogar)<\/li>\n<\/ul>\n\n\t\t<\/div> \n\t<\/div> <\/div>\n \n\t\t\t<\/div>  \n\t\t\t<div id=\"tab-extranjeria\" class=\"wpb_tab row-fluid\">\n\t\t\t\t <div class=\"row\">\n\t<div class=\"wpb_content_element span8 wpb_text_column\">\n\t\t<div class=\"wpb_wrapper clearfix\">\n\t\t\t\n<ul>\n<li>Gestionamos los tr\u00e1mites necesarios para la obtenci\u00f3n de la Residencia en Espa\u00f1a.<\/li>\n<\/ul>\n<p>&nbsp;<\/p>\n<a class=\"sf-button medium accent squarearrow \" href=\"http:\/\/andalhome.com\/visado\" target=\"_blank\"><span>Visado<\/span><span class=\"arrow\"><\/span><\/a>\n<a class=\"sf-button medium accent squarearrow \" href=\"http:\/\/andalhome.com\/visado\/tarjeta-residente\/\" target=\"_blank\"><span>Tarjeta de Residencia<\/span><span class=\"arrow\"><\/span><\/a>\n<a class=\"sf-button medium accent squarearrow \" href=\"http:\/\/andalhome.com\/visado\/instrucciones-del-tramite\/\" target=\"_blank\"><span>Requisitos Tarjeta Residente<\/span><span class=\"arrow\"><\/span><\/a>\n\n\t\t<\/div> \n\t<\/div> <\/div>\n \n\t\t\t<\/div>  \n\t\t\t<div id=\"tab-\" class=\"wpb_tab row-fluid\">\n\t\t\t\t \n\t\t\t<\/div>  \n\t\t\t<div id=\"tab-\" class=\"wpb_tab row-fluid\">\n\t\t\t\t \n\t\t\t<\/div>  \n\t\t\t<div id=\"tab-\" class=\"wpb_tab row-fluid\">\n\t\t\t\t \n\t\t\t<\/div>  \n\t\t\t<div id=\"tab-\" class=\"wpb_tab row-fluid\">\n\t\t\t\t \n\t\t\t<\/div>  \n\t\t\t<div id=\"tab-\" class=\"wpb_tab row-fluid\">\n\t\t\t\t \n\t\t\t<\/div>  \n\t\t\t<div id=\"tab-\" class=\"wpb_tab row-fluid\">\n\t\t\t\t \n\t\t\t<\/div>  \n\t\t<\/div> \n\t<\/div> <\/div>\n\n","protected":false},"excerpt":{"rendered":"","protected":false},"author":5,"featured_media":0,"parent":0,"menu_order":0,"comment_status":"closed","ping_status":"closed","template":"","meta":{"footnotes":""},"translation":{"provider":"WPGlobus","version":"2.12.2","language":"en","enabled_languages":["es","en"],"languages":{"es":{"title":true,"content":true,"excerpt":false},"en":{"title":false,"content":false,"excerpt":false}}},"yoast_head":"<!-- This site is optimized with the Yoast SEO plugin v22.1 - https:\/\/yoast.com\/wordpress\/plugins\/seo\/ -->\n<title>Te asesoraremos sobre lo que puedas necesitar &#8211; Asesor\u00eda &#8211; ANDALHOME &#8211;<\/title>\n<meta name=\"robots\" content=\"index, follow, max-snippet:-1, max-image-preview:large, max-video-preview:-1\" \/>\n<link rel=\"canonical\" href=\"https:\/\/andalhome.com\/te-asesoraremos-sobre-lo-que-puedas-necesitar\/\" \/>\n<meta property=\"og:locale\" content=\"en_US\" \/>\n<meta property=\"og:type\" content=\"article\" \/>\n<meta property=\"og:title\" content=\"Asesor\u00eda &#8211; ANDALHOME\" \/>\n<meta property=\"og:url\" content=\"https:\/\/andalhome.com\/te-asesoraremos-sobre-lo-que-puedas-necesitar\/\" \/>\n<meta property=\"og:site_name\" content=\"ANDALHOME\" \/>\n<meta property=\"article:publisher\" content=\"http:\/\/www.facebook.com\/andalhome\" \/>\n<meta property=\"article:modified_time\" content=\"2021-02-10T18:22:42+00:00\" \/>\n<meta property=\"og:image\" content=\"https:\/\/andalhome.com\/wp-content\/uploads\/2015\/10\/ANDALHOME-el-logotipo-de-facebook.png\" \/>\n\t<meta property=\"og:image:width\" content=\"468\" \/>\n\t<meta property=\"og:image:height\" content=\"70\" \/>\n\t<meta property=\"og:image:type\" content=\"image\/png\" \/>\n<meta name=\"twitter:label1\" content=\"Est. reading time\" \/>\n\t<meta name=\"twitter:data1\" content=\"2 minutes\" \/>\n<script type=\"application\/ld+json\" class=\"yoast-schema-graph\">{\"@context\":\"https:\/\/schema.org\",\"@graph\":[{\"@type\":\"WebPage\",\"@id\":\"https:\/\/andalhome.com\/te-asesoraremos-sobre-lo-que-puedas-necesitar\/\",\"url\":\"https:\/\/andalhome.com\/te-asesoraremos-sobre-lo-que-puedas-necesitar\/\",\"name\":\"Te asesoraremos sobre lo que puedas necesitar &#8211; Asesor\u00eda &#8211; ANDALHOME &#8211;\",\"isPartOf\":{\"@id\":\"https:\/\/andalhome.com\/#website\"},\"datePublished\":\"2017-07-07T16:17:16+00:00\",\"dateModified\":\"2021-02-10T18:22:42+00:00\",\"description\":\"Te asesoraremos sobre lo que puedas necesitar. Solo tienes que mandar tu consulta o pasarte por nuestras oficinas. Te atenderemo.\",\"inLanguage\":\"en-US\",\"potentialAction\":[{\"@type\":\"ReadAction\",\"target\":[\"https:\/\/andalhome.com\/te-asesoraremos-sobre-lo-que-puedas-necesitar\/\"]}]},{\"@type\":\"WebSite\",\"@id\":\"https:\/\/andalhome.com\/#website\",\"url\":\"https:\/\/andalhome.com\/\",\"name\":\"ANDALHOME\",\"description\":\"ANDALHOME OFFERS YOU A COMPREHENSIVE REAL ESTATE SERVICE FROM PURCHASE\/RENTAL TO FINANCING AND OF COURSE ALL THE ADVICE YOU NEED\",\"publisher\":{\"@id\":\"https:\/\/andalhome.com\/#organization\"},\"potentialAction\":[{\"@type\":\"SearchAction\",\"target\":{\"@type\":\"EntryPoint\",\"urlTemplate\":\"https:\/\/andalhome.com\/?s={search_term_string}\"},\"query-input\":\"required name=search_term_string\"}],\"inLanguage\":\"en-US\"},{\"@type\":\"Organization\",\"@id\":\"https:\/\/andalhome.com\/#organization\",\"name\":\"Andalhome\",\"url\":\"https:\/\/andalhome.com\/\",\"logo\":{\"@type\":\"ImageObject\",\"inLanguage\":\"en-US\",\"@id\":\"https:\/\/andalhome.com\/#\/schema\/logo\/image\/\",\"url\":\"https:\/\/andalhome.com\/wp-content\/uploads\/2015\/10\/image003.jpg\",\"contentUrl\":\"https:\/\/andalhome.com\/wp-content\/uploads\/2015\/10\/image003.jpg\",\"width\":957,\"height\":212,\"caption\":\"Andalhome\"},\"image\":{\"@id\":\"https:\/\/andalhome.com\/#\/schema\/logo\/image\/\"},\"sameAs\":[\"http:\/\/www.facebook.com\/andalhome\"]}]}<\/script>\n<!-- \/ Yoast SEO plugin. -->","yoast_head_json":{"title":"Te asesoraremos sobre lo que puedas necesitar &#8211; Asesor\u00eda &#8211; ANDALHOME &#8211;","robots":{"index":"index","follow":"follow","max-snippet":"max-snippet:-1","max-image-preview":"max-image-preview:large","max-video-preview":"max-video-preview:-1"},"canonical":"https:\/\/andalhome.com\/te-asesoraremos-sobre-lo-que-puedas-necesitar\/","og_locale":"en_US","og_type":"article","og_title":"Asesor\u00eda &#8211; ANDALHOME","og_url":"https:\/\/andalhome.com\/te-asesoraremos-sobre-lo-que-puedas-necesitar\/","og_site_name":"ANDALHOME","article_publisher":"http:\/\/www.facebook.com\/andalhome","article_modified_time":"2021-02-10T18:22:42+00:00","og_image":[{"width":468,"height":70,"url":"https:\/\/andalhome.com\/wp-content\/uploads\/2015\/10\/ANDALHOME-el-logotipo-de-facebook.png","type":"image\/png"}],"twitter_misc":{"Est. reading time":"2 minutes"},"schema":{"@context":"https:\/\/schema.org","@graph":[{"@type":"WebPage","@id":"https:\/\/andalhome.com\/te-asesoraremos-sobre-lo-que-puedas-necesitar\/","url":"https:\/\/andalhome.com\/te-asesoraremos-sobre-lo-que-puedas-necesitar\/","name":"Te asesoraremos sobre lo que puedas necesitar &#8211; Asesor\u00eda &#8211; ANDALHOME &#8211;","isPartOf":{"@id":"https:\/\/andalhome.com\/#website"},"datePublished":"2017-07-07T16:17:16+00:00","dateModified":"2021-02-10T18:22:42+00:00","description":"Te asesoraremos sobre lo que puedas necesitar. Solo tienes que mandar tu consulta o pasarte por nuestras oficinas. Te atenderemo.","inLanguage":"en-US","potentialAction":[{"@type":"ReadAction","target":["https:\/\/andalhome.com\/te-asesoraremos-sobre-lo-que-puedas-necesitar\/"]}]},{"@type":"WebSite","@id":"https:\/\/andalhome.com\/#website","url":"https:\/\/andalhome.com\/","name":"ANDALHOME","description":"ANDALHOME OFFERS YOU A COMPREHENSIVE REAL ESTATE SERVICE FROM PURCHASE\/RENTAL TO FINANCING AND OF COURSE ALL THE ADVICE YOU NEED","publisher":{"@id":"https:\/\/andalhome.com\/#organization"},"potentialAction":[{"@type":"SearchAction","target":{"@type":"EntryPoint","urlTemplate":"https:\/\/andalhome.com\/?s={search_term_string}"},"query-input":"required name=search_term_string"}],"inLanguage":"en-US"},{"@type":"Organization","@id":"https:\/\/andalhome.com\/#organization","name":"Andalhome","url":"https:\/\/andalhome.com\/","logo":{"@type":"ImageObject","inLanguage":"en-US","@id":"https:\/\/andalhome.com\/#\/schema\/logo\/image\/","url":"https:\/\/andalhome.com\/wp-content\/uploads\/2015\/10\/image003.jpg","contentUrl":"https:\/\/andalhome.com\/wp-content\/uploads\/2015\/10\/image003.jpg","width":957,"height":212,"caption":"Andalhome"},"image":{"@id":"https:\/\/andalhome.com\/#\/schema\/logo\/image\/"},"sameAs":["http:\/\/www.facebook.com\/andalhome"]}]}},"_links":{"self":[{"href":"https:\/\/andalhome.com\/en\/wp-json\/wp\/v2\/pages\/4082"}],"collection":[{"href":"https:\/\/andalhome.com\/en\/wp-json\/wp\/v2\/pages"}],"about":[{"href":"https:\/\/andalhome.com\/en\/wp-json\/wp\/v2\/types\/page"}],"author":[{"embeddable":true,"href":"https:\/\/andalhome.com\/en\/wp-json\/wp\/v2\/users\/5"}],"replies":[{"embeddable":true,"href":"https:\/\/andalhome.com\/en\/wp-json\/wp\/v2\/comments?post=4082"}],"version-history":[{"count":26,"href":"https:\/\/andalhome.com\/en\/wp-json\/wp\/v2\/pages\/4082\/revisions"}],"predecessor-version":[{"id":4649,"href":"https:\/\/andalhome.com\/en\/wp-json\/wp\/v2\/pages\/4082\/revisions\/4649"}],"wp:attachment":[{"href":"https:\/\/andalhome.com\/en\/wp-json\/wp\/v2\/media?parent=4082"}],"curies":[{"name":"wp","href":"https:\/\/api.w.org\/{rel}","templated":true}]}}