{"id":4237,"date":"2017-07-31T14:48:12","date_gmt":"2017-07-31T12:48:12","guid":{"rendered":"http:\/\/andalhome.com\/?page_id=4237"},"modified":"2019-02-27T19:37:17","modified_gmt":"2019-02-27T18:37:17","slug":"aportanos-la-documentacion-y-buscaremos-tu-financiacion","status":"publish","type":"page","link":"https:\/\/andalhome.com\/en\/aportanos-la-documentacion-y-buscaremos-tu-financiacion\/","title":{"rendered":"Documentaci\u00f3n"},"content":{"rendered":"<div class=\"row\">\n\t<div class=\"wpb_content_element span6 wpb_text_column\">\n\t\t<div class=\"wpb_wrapper clearfix\">\n\t\t\t\n<p>&nbsp;<\/p>\n<h3><strong>Documentaci\u00f3n general (independientemente de la situaci\u00f3n laboral)<\/strong><\/h3>\n<ul>\n<li>N\u00famero de Identificaci\u00f3n Fiscal (NIF) o, en caso de ser extranjero, N\u00famero de identificaci\u00f3n de Extranjero (NIE) o pasaporte.<\/li>\n<li>Contrato de se\u00f1al o de arras, en caso de que ya se haya firmado.<\/li>\n<li>CIRBE.<\/li>\n<li>Declaraci\u00f3n del IRPF del \u00faltimo a\u00f1o.<\/li>\n<li>Escrituras de cada propiedad inmueble que se posea.<\/li>\n<li>Contrato de arrendamiento si el actual domicilio del solicitante es alquilado, y \u00faltimos recibos del alquiler.<\/li>\n<li>Vida laboral actualizada.<\/li>\n<li>Extractos bancarios recientes.<\/li>\n<\/ul>\n<h3>Documentaci\u00f3n requerida al trabajador por cuenta ajena<\/h3>\n<ul>\n<li>Contrato laboral, ya sea definido o indefinido.<\/li>\n<li>Como m\u00ednimo las n\u00f3minas de los \u00faltimos tres meses.<\/li>\n<li>Justificaci\u00f3n de ingresos adicionales al de la n\u00f3mina, en caso de tenerlos.<\/li>\n<li>Recibos de pr\u00e9stamos que actualmente tengamos contratados, si los hubiera.<\/li>\n<\/ul>\n<h3>\u00a0Documentaci\u00f3n requerida al trabajador por cuenta propia<\/h3>\n<ul>\n<li>Declaraci\u00f3n anual del IVA.<\/li>\n<li>Pagos trimestrales del IVA del a\u00f1o en curso.<\/li>\n<li>Declaraci\u00f3n anual del IRPF as\u00ed como la fraccionada.<\/li>\n<li>\u00daltimos recibos del pago de la Seguridad Social.<\/li>\n<\/ul>\n<h3>\u00a0Documentaci\u00f3n requerida para sociedades<\/h3>\n<ul>\n<li>Impuesto de sociedades del ejercicio anterior, en caso de haberlo presentado.<\/li>\n<li>Declaraciones de impuestos del a\u00f1o en curso \u2013IVA e Impuesto de Sociedades fraccionado.<\/li>\n<li>Balance actualizado de la situaci\u00f3n econ\u00f3mica de la empresa.<\/li>\n<\/ul>\n\n\t\t<\/div> \n\t<\/div>  \n\t<div class=\"wpb_content_element wpb_single_image borderframe span2\">\n\t\t<div class=\"wpb_wrapper\"><figure class=\"clearfix\">\n\t\t\t<img loading=\"lazy\" decoding=\"async\" width=\"88\" height=\"300\" src=\"https:\/\/andalhome.com\/wp-content\/uploads\/2017\/07\/requisitos-88x300.jpg\" class=\"attachment-medium size-medium\" alt=\"requisitos\" srcset=\"https:\/\/andalhome.com\/wp-content\/uploads\/2017\/07\/requisitos-88x300.jpg 88w, https:\/\/andalhome.com\/wp-content\/uploads\/2017\/07\/requisitos.jpg 279w\" sizes=\"(max-width: 88px) 100vw, 88px\" title=\"requisitos\" \/><\/figure>\n\t\t<\/div> \n\t<\/div> <\/div>\n\n","protected":false},"excerpt":{"rendered":"","protected":false},"author":5,"featured_media":0,"parent":0,"menu_order":0,"comment_status":"closed","ping_status":"closed","template":"","meta":{"footnotes":""},"translation":{"provider":"WPGlobus","version":"2.12.2","language":"en","enabled_languages":["es","en"],"languages":{"es":{"title":true,"content":true,"excerpt":false},"en":{"title":false,"content":false,"excerpt":false}}},"yoast_head":"<!-- This site is optimized with the Yoast SEO plugin v22.1 - https:\/\/yoast.com\/wordpress\/plugins\/seo\/ -->\n<title>Documentaci\u00f3n &#8211; ANDALHOME<\/title>\n<meta name=\"robots\" content=\"index, follow, max-snippet:-1, max-image-preview:large, max-video-preview:-1\" \/>\n<link rel=\"canonical\" href=\"https:\/\/andalhome.com\/en\/aportanos-la-documentacion-y-buscaremos-tu-financiacion\/\" \/>\n<meta property=\"og:locale\" content=\"en_US\" \/>\n<meta property=\"og:type\" content=\"article\" \/>\n<meta property=\"og:title\" content=\"Documentaci\u00f3n &#8211; ANDALHOME\" \/>\n<meta property=\"og:url\" content=\"https:\/\/andalhome.com\/en\/aportanos-la-documentacion-y-buscaremos-tu-financiacion\/\" \/>\n<meta property=\"og:site_name\" content=\"ANDALHOME\" \/>\n<meta property=\"article:publisher\" content=\"http:\/\/www.facebook.com\/andalhome\" \/>\n<meta property=\"article:modified_time\" content=\"2019-02-27T18:37:17+00:00\" \/>\n<meta property=\"og:image\" content=\"https:\/\/andalhome.com\/wp-content\/uploads\/2015\/10\/ANDALHOME-el-logotipo-de-facebook.png\" \/>\n\t<meta property=\"og:image:width\" content=\"468\" \/>\n\t<meta property=\"og:image:height\" content=\"70\" \/>\n\t<meta property=\"og:image:type\" content=\"image\/png\" \/>\n<meta name=\"twitter:label1\" content=\"Est. reading time\" \/>\n\t<meta name=\"twitter:data1\" content=\"1 minute\" \/>\n<script type=\"application\/ld+json\" class=\"yoast-schema-graph\">{\"@context\":\"https:\/\/schema.org\",\"@graph\":[{\"@type\":\"WebPage\",\"@id\":\"https:\/\/andalhome.com\/en\/aportanos-la-documentacion-y-buscaremos-tu-financiacion\/\",\"url\":\"https:\/\/andalhome.com\/en\/aportanos-la-documentacion-y-buscaremos-tu-financiacion\/\",\"name\":\"Documentaci\u00f3n &#8211; ANDALHOME\",\"isPartOf\":{\"@id\":\"https:\/\/andalhome.com\/#website\"},\"datePublished\":\"2017-07-31T12:48:12+00:00\",\"dateModified\":\"2019-02-27T18:37:17+00:00\",\"description\":\"Ap\u00f3rtanos la documentaci\u00f3n y buscaremos tu financiaci\u00f3n. Nos adaptaremos a tus circunstancias personales para encontrar lo mas adecuado\",\"inLanguage\":\"en-US\",\"potentialAction\":[{\"@type\":\"ReadAction\",\"target\":[\"https:\/\/andalhome.com\/en\/aportanos-la-documentacion-y-buscaremos-tu-financiacion\/\"]}]},{\"@type\":\"WebSite\",\"@id\":\"https:\/\/andalhome.com\/#website\",\"url\":\"https:\/\/andalhome.com\/\",\"name\":\"ANDALHOME\",\"description\":\"ANDALHOME OFFERS YOU A COMPREHENSIVE REAL ESTATE SERVICE FROM PURCHASE\/RENTAL TO FINANCING AND OF COURSE ALL THE ADVICE YOU NEED\",\"publisher\":{\"@id\":\"https:\/\/andalhome.com\/#organization\"},\"potentialAction\":[{\"@type\":\"SearchAction\",\"target\":{\"@type\":\"EntryPoint\",\"urlTemplate\":\"https:\/\/andalhome.com\/?s={search_term_string}\"},\"query-input\":\"required name=search_term_string\"}],\"inLanguage\":\"en-US\"},{\"@type\":\"Organization\",\"@id\":\"https:\/\/andalhome.com\/#organization\",\"name\":\"Andalhome\",\"url\":\"https:\/\/andalhome.com\/\",\"logo\":{\"@type\":\"ImageObject\",\"inLanguage\":\"en-US\",\"@id\":\"https:\/\/andalhome.com\/#\/schema\/logo\/image\/\",\"url\":\"https:\/\/andalhome.com\/wp-content\/uploads\/2015\/10\/image003.jpg\",\"contentUrl\":\"https:\/\/andalhome.com\/wp-content\/uploads\/2015\/10\/image003.jpg\",\"width\":957,\"height\":212,\"caption\":\"Andalhome\"},\"image\":{\"@id\":\"https:\/\/andalhome.com\/#\/schema\/logo\/image\/\"},\"sameAs\":[\"http:\/\/www.facebook.com\/andalhome\"]}]}<\/script>\n<!-- \/ Yoast SEO plugin. -->","yoast_head_json":{"title":"Documentaci\u00f3n &#8211; ANDALHOME","robots":{"index":"index","follow":"follow","max-snippet":"max-snippet:-1","max-image-preview":"max-image-preview:large","max-video-preview":"max-video-preview:-1"},"canonical":"https:\/\/andalhome.com\/en\/aportanos-la-documentacion-y-buscaremos-tu-financiacion\/","og_locale":"en_US","og_type":"article","og_title":"Documentaci\u00f3n &#8211; ANDALHOME","og_url":"https:\/\/andalhome.com\/en\/aportanos-la-documentacion-y-buscaremos-tu-financiacion\/","og_site_name":"ANDALHOME","article_publisher":"http:\/\/www.facebook.com\/andalhome","article_modified_time":"2019-02-27T18:37:17+00:00","og_image":[{"width":468,"height":70,"url":"https:\/\/andalhome.com\/wp-content\/uploads\/2015\/10\/ANDALHOME-el-logotipo-de-facebook.png","type":"image\/png"}],"twitter_misc":{"Est. reading time":"1 minute"},"schema":{"@context":"https:\/\/schema.org","@graph":[{"@type":"WebPage","@id":"https:\/\/andalhome.com\/en\/aportanos-la-documentacion-y-buscaremos-tu-financiacion\/","url":"https:\/\/andalhome.com\/en\/aportanos-la-documentacion-y-buscaremos-tu-financiacion\/","name":"Documentaci\u00f3n &#8211; ANDALHOME","isPartOf":{"@id":"https:\/\/andalhome.com\/#website"},"datePublished":"2017-07-31T12:48:12+00:00","dateModified":"2019-02-27T18:37:17+00:00","description":"Ap\u00f3rtanos la documentaci\u00f3n y buscaremos tu financiaci\u00f3n. Nos adaptaremos a tus circunstancias personales para encontrar lo mas adecuado","inLanguage":"en-US","potentialAction":[{"@type":"ReadAction","target":["https:\/\/andalhome.com\/en\/aportanos-la-documentacion-y-buscaremos-tu-financiacion\/"]}]},{"@type":"WebSite","@id":"https:\/\/andalhome.com\/#website","url":"https:\/\/andalhome.com\/","name":"ANDALHOME","description":"ANDALHOME OFFERS YOU A COMPREHENSIVE REAL ESTATE SERVICE FROM PURCHASE\/RENTAL TO FINANCING AND OF COURSE ALL THE ADVICE YOU NEED","publisher":{"@id":"https:\/\/andalhome.com\/#organization"},"potentialAction":[{"@type":"SearchAction","target":{"@type":"EntryPoint","urlTemplate":"https:\/\/andalhome.com\/?s={search_term_string}"},"query-input":"required name=search_term_string"}],"inLanguage":"en-US"},{"@type":"Organization","@id":"https:\/\/andalhome.com\/#organization","name":"Andalhome","url":"https:\/\/andalhome.com\/","logo":{"@type":"ImageObject","inLanguage":"en-US","@id":"https:\/\/andalhome.com\/#\/schema\/logo\/image\/","url":"https:\/\/andalhome.com\/wp-content\/uploads\/2015\/10\/image003.jpg","contentUrl":"https:\/\/andalhome.com\/wp-content\/uploads\/2015\/10\/image003.jpg","width":957,"height":212,"caption":"Andalhome"},"image":{"@id":"https:\/\/andalhome.com\/#\/schema\/logo\/image\/"},"sameAs":["http:\/\/www.facebook.com\/andalhome"]}]}},"_links":{"self":[{"href":"https:\/\/andalhome.com\/en\/wp-json\/wp\/v2\/pages\/4237"}],"collection":[{"href":"https:\/\/andalhome.com\/en\/wp-json\/wp\/v2\/pages"}],"about":[{"href":"https:\/\/andalhome.com\/en\/wp-json\/wp\/v2\/types\/page"}],"author":[{"embeddable":true,"href":"https:\/\/andalhome.com\/en\/wp-json\/wp\/v2\/users\/5"}],"replies":[{"embeddable":true,"href":"https:\/\/andalhome.com\/en\/wp-json\/wp\/v2\/comments?post=4237"}],"version-history":[{"count":6,"href":"https:\/\/andalhome.com\/en\/wp-json\/wp\/v2\/pages\/4237\/revisions"}],"predecessor-version":[{"id":4631,"href":"https:\/\/andalhome.com\/en\/wp-json\/wp\/v2\/pages\/4237\/revisions\/4631"}],"wp:attachment":[{"href":"https:\/\/andalhome.com\/en\/wp-json\/wp\/v2\/media?parent=4237"}],"curies":[{"name":"wp","href":"https:\/\/api.w.org\/{rel}","templated":true}]}}