{"id":967,"date":"2013-12-13T09:27:30","date_gmt":"2013-12-13T08:27:30","guid":{"rendered":"http:\/\/andalhome.com\/?page_id=967"},"modified":"2019-01-16T12:23:28","modified_gmt":"2019-01-16T11:23:28","slug":"politica-cookies-clausula-privacidad-clausula-lopd-aviso-legal","status":"publish","type":"page","link":"https:\/\/andalhome.com\/en\/politica-cookies-clausula-privacidad-clausula-lopd-aviso-legal\/","title":{"rendered":"Politica Cookies, Clausula privacidad, Clausula LOPD, Aviso Legal"},"content":{"rendered":"<p><u>CL\u00c1USULA DE PRIVACIDAD<\/u><\/p>\n<p>&nbsp;<\/p>\n<p><strong>ANDALHOME <\/strong>declara su respeto y cumplimiento de las disposiciones recogidas en el Reglamento (UE) 2016\/679 (RGPD) y en la Ley 34\/2002 de Servicios de la Sociedad de la Informaci\u00f3n y de Comercio Electr\u00f3nico declarando que se han establecido todos los medios t\u00e9cnicos para evitar la p\u00e9rdida, mal uso, alteraci\u00f3n, acceso no autorizado y robo de los ficheros automatizados que contengan datos de car\u00e1cter personal. No obstante lo anterior, el usuario debe ser consciente de que las medidas de seguridad en Internet no son inexpugnables y pueden existir filtraciones por actos fraudulentos de terceros.<\/p>\n<p>Asimismo, le informamos que los datos que facilite a trav\u00e9s de la p\u00e1gina web se incluir\u00e1n en un fichero automatizado de datos de car\u00e1cter personal propiedad de <strong>ANDALHOME <\/strong>y que quedar\u00e1 bajo responsabilidad de la empresa. Dichos datos ser\u00e1n tratados de forma confidencial y exclusiva por <strong>ANDALHOME<\/strong><\/p>\n<p><strong>\u00a0<\/strong><\/p>\n<p>La recogida de datos se realizar\u00e1 mediante la cumplimentaci\u00f3n de los formularios de las distintas secciones de la p\u00e1gina web. Pulsando el bot\u00f3n de \u201cenviar\u201d y aceptando el aviso legal del correspondiente formulario, el usuario consiente y acepta que sus datos pasen a formar parte del fichero automatizado y que sean utilizados con fines comerciales y de env\u00edo de informaci\u00f3n.<\/p>\n<p>Asimismo, y a menos que se indique lo contrario, las respuestas a preguntas de car\u00e1cter personal en los distintos formularios son voluntarias, sin que la falta de contestaci\u00f3n a dichas preguntas suponga una disminuci\u00f3n de los servicios solicitados. La falta de cumplimentaci\u00f3n de los campos determinados como obligatorios o el suministro de datos incorrectos impedir\u00e1 a <strong>ANDALHOME <\/strong>la prestaci\u00f3n de los servicios requeridos.<\/p>\n<p>Le informamos de la posibilidad de que ejerza los derechos de acceso, rectificaci\u00f3n, cancelaci\u00f3n, oposici\u00f3n, olvido, limitaci\u00f3n y portabilidad de sus datos de car\u00e1cter personal, enviando un correo electr\u00f3nico a la direcci\u00f3n <a href=\"mailto:info@andalhome.com\">info@andalhome.com<\/a> \u00a0en los t\u00e9rminos establecidos en la legislaci\u00f3n vigente.<\/p>\n<p>&nbsp;<\/p>\n<p><u>CL\u00c1USULA LOPD<\/u><\/p>\n<p><u>\u00a0<\/u><\/p>\n<p>De acuerdo con lo establecido en el Reglamento (UE) 2016\/679, le informamos que los datos proporcionados ser\u00e1n incorporados a un fichero titularidad de ANDALHOME posteriormente a darnos su consentimiento para ello.<\/p>\n<p>Le informamos de la posibilidad de que ejerza los derechos de acceso, rectificaci\u00f3n, cancelaci\u00f3n, limitaci\u00f3n, olvido, portabilidad y oposici\u00f3n de sus datos de car\u00e1cter personal, enviando un correo electr\u00f3nico a la direcci\u00f3n <a href=\"mailto:info@andalhome.com\">info@andalhome.com<\/a><\/p>\n<p>&nbsp;<\/p>\n<p>&nbsp;<\/p>\n<p><u>AVISO LEGAL<\/u><\/p>\n<p>&nbsp;<\/p>\n<p>El presente aviso legal regula el uso del servicio de la p\u00e1gina web <a href=\"http:\/\/www.andalhome.com\">www.andalhome.com<\/a>\u00a0\u00a0 que la empresa JOS\u00c9 PABLO GAMARRO M\u00c1RQUEZ en adelante ANDALHOME con CIF 25099173D, pone a disposici\u00f3n de los usuarios de Internet.<\/p>\n<p>&nbsp;<\/p>\n<p>&nbsp;<\/p>\n<p><strong>Direcci\u00f3n: C\/Maestro Lecuona n\u00ba1. 29006. M\u00e1laga<\/strong><\/p>\n<p><strong>Tel\u00e9fonos: 951 404 369 \/ 699 767 011<\/strong><\/p>\n<p><strong>E-mail : <a href=\"mailto:info@andalhome.com\">info@andalhome.com<\/a> <\/strong><\/p>\n<p><strong>\u00a0<\/strong><\/p>\n<p>Los derechos de propiedad intelectual de la p\u00e1gina web, su c\u00f3digo fuente, dise\u00f1o, estructura de navegaci\u00f3n, bases de datos y los distintos elementos en \u00e9l contenidos (im\u00e1genes, ficheros, logos y cualquier otro elemento susceptible de protecci\u00f3n son titularidad de ANDALHOME a quien corresponde el ejercicio exclusivo de los derechos de explotaci\u00f3n de los mismos en cualquier forma y, en especial, los derechos de reproducci\u00f3n, distribuci\u00f3n, comunicaci\u00f3n p\u00fablica y transformaci\u00f3n.<\/p>\n<p>Est\u00e1n prohibidas la reproducci\u00f3n, transformaci\u00f3n, distribuci\u00f3n, comunicaci\u00f3n p\u00fablica, puesta a disposici\u00f3n del p\u00fablico y, en general cualquier otra forma de explotaci\u00f3n, parcial o total de los elementos referidos en el apartado anterior. Estos actos de explotaci\u00f3n s\u00f3lo podr\u00e1n ser realizados en virtud de autorizaci\u00f3n expresa de ANDALHOME y que, en todo caso, deber\u00e1n hacer referencia expl\u00edcita a la titularidad de los citados derechos de propiedad intelectual de ANDALHOME<br \/>\nRespecto a las citas de productos y servicios de terceros la empresa reconoce a favor de sus titulares los correspondientes derechos de propiedad industrial e intelectual, no implicando su sola menci\u00f3n o aparici\u00f3n en la Web la existencia de derechos o responsabilidad alguna de ANDALHOME sobre los mismos, como tampoco respaldo, patrocinio o recomendaci\u00f3n a no ser que se manifieste de manera expresa.<\/p>\n<p>La utilizaci\u00f3n no autorizada de la informaci\u00f3n contenida en la Web as\u00ed como la lesi\u00f3n de los derechos de Propiedad Intelectual e Industrial de ANDALHOME dar\u00e1 lugar a las responsabilidades legalmente establecidas.<\/p>\n<p>&nbsp;<\/p>\n<p><strong>Contenidos:<\/strong><\/p>\n<p>Esta web contiene materiales preparados por ANDALHOME con car\u00e1cter informativo u orientativo, pudiendo ser modificados, desarrollados o actualizados sin previo aviso.<\/p>\n<p>La documentaci\u00f3n insertada puede no reflejar el estado legislativo o jurisprudencial m\u00e1s actual. ANDALHOME no se responsabiliza de los posibles errores, variaciones u omisiones que pudieran apreciarse, as\u00ed como del uso que de estos documentos se haga. Aconsejamos, la consulta de los boletines o diarios oficiales, as\u00ed como las fuentes informativas de las cuales se hayan obtenido las noticias.<\/p>\n<p>Los enlaces que contiene esta p\u00e1gina web pueden conducir al usuario a otros sitios y p\u00e1ginas web de terceros sobre las que ANDALHOME no ejerce ning\u00fan tipo de control ni responde de los contenidos y estado de las webs de enlace.<\/p>\n<p>ANDALHOME no garantiza la ausencia de virus u otros elementos lesivos que pudieran causar da\u00f1os o alteraciones en el sistema inform\u00e1tico, de manera que no responde por los da\u00f1os y perjuicios que estos elementos pudieran ocasionar al usuario o terceros.<\/p>\n<p>Todo enlace de terceros a la Web debe serlo a su p\u00e1gina principal, quedando expresamente prohibidos los \u201clinks profundos\u201d, el \u201cframing\u201d y cualquier otro aprovechamiento de los contenidos de la Web a favor de terceros no autorizados.<\/p>\n<p>&nbsp;<\/p>\n<p><strong>Pol\u00edtica de cookies<\/strong><\/p>\n<p>Esta Pol\u00edtica de Cookies, forma parte de la <strong>Pol\u00edtica de Privacidad<\/strong> del sitio web alojado bajo el nombre de dominio <a href=\"http:\/\/www.ticketea.com\">www.andalhome.com<\/a> (el \u201c<strong>Sitio Web<\/strong>\u201d), as\u00ed como de la aplicaci\u00f3n m\u00f3vil (\u201c<strong>App<\/strong>\u201d) y bajo cualquiera de los subdominios o p\u00e1ginas web dependientes del mismo.<\/p>\n<p>Como se indica en la Pol\u00edtica de Privacidad de ANDALHOME, siempre que los Usuarios presten su consentimiento, recopila informaci\u00f3n de sus visitas y de su uso de nuestros servicios para garantizar el acceso a determinadas funcionalidades, facilitarle el uso y la navegaci\u00f3n a trav\u00e9s del Sitio Web y la App y realizar estad\u00edsticas sobre el uso y la eficacia de los servicios mediante el estudio de los h\u00e1bitos de navegaci\u00f3n de los Usuarios. Para ello, utilizamos diversas tecnolog\u00edas como scripts, etiquetas, balizas de almacenamiento local, <em>web beacon<\/em> o baliza web y las conocidas como \u201ccookies\u201d.<\/p>\n<p><strong>\u00bfQu\u00e9 es una cookie?<\/strong><\/p>\n<p>Una cookie es un peque\u00f1o fichero de informaci\u00f3n que se descarga en el terminal del Usuario (ya sea un ordenador, Smartphone o tableta) cuando \u00e9ste accede a una p\u00e1gina web y que permite al titular de dicha p\u00e1gina almacenar o recuperar determinada informaci\u00f3n.<\/p>\n<p>Las cookies se utilizan habitualmente para medir el uso de los sitios web como el n\u00famero de visitantes y duraci\u00f3n de la visita y su eficacia, as\u00ed como para facilitar la navegaci\u00f3n o el uso y como tales, no est\u00e1n asociadas a ninguna informaci\u00f3n de car\u00e1cter personal. No obstante, tambi\u00e9n se utilizan para personalizar la experiencia de un visitante conocido en un sitio web al asociarse a su informaci\u00f3n de perfil o preferencias de usuario. Al ofrecer informaci\u00f3n sobre los h\u00e1bitos de navegaci\u00f3n de los Usuarios pueden afectar a la privacidad de los mismos, por este motivo, ANDALHOME ofrece a sus Usuarios la informaci\u00f3n necesaria sobre las cookies utilizadas por ANDALHOME para que cuenten con la informaci\u00f3n relevante al decidir si consienten en su utilizaci\u00f3n.<\/p>\n<p><strong>\u00bfPor qu\u00e9 utilizamos cookies?<\/strong><\/p>\n<p>Utilizamos cookies para obtener m\u00e1s informaci\u00f3n sobre la forma en que los Usuarios utilizan nuestros contenidos y nos ayudan a mejorar su experiencia cuando visitan nuestro Sitio Web.<\/p>\n<p>Cuando el Usuario acceda al Sitio Web, se le ofrecer\u00e1 informaci\u00f3n sobre el uso de esta tecnolog\u00eda y se solicitar\u00e1 que nos otorgue de manera expresa su consentimiento para ello. A este respecto, se informa a los Usuarios de que para poder utilizar todos los servicios y funcionalidades del Sitio Web ser\u00e1 necesario habilitar determinadas cookies en el navegador de Internet y, si el Usuario deniega dicho consentimiento, el acceso al mismo podr\u00eda quedar impedido.<\/p>\n<p>En cualquier momento el Usuario podr\u00e1 retirar su consentimiento al uso de esta tecnolog\u00eda mediante las funciones de su navegador, desactivando las cookies o bloqueando la posibilidad de que se descarguen en tu equipo o dispositivo. Consultar el apartado de \u201c\u00bfC\u00f3mo rechazar las cookies?\u201d de este documento para obtener m\u00e1s informaci\u00f3n al respecto.<\/p>\n<p><strong>Tipos de cookies<\/strong><\/p>\n<p>En el Sitio Web se utilizan los siguientes tipos de cookies:<\/p>\n<ul>\n<li><strong>Seg\u00fan la entidad que las gestione:<\/strong>\n<ol>\n<li>Propias: Son aquellas que se env\u00edan al equipo terminal del usuario desde un equipo o dominio gestionado por el propio editor y desde el que se presta el servicio solicitado por el usuario.<\/li>\n<li>De terceros: Son aquellas que se env\u00edan al equipo terminal del usuario desde un equipo o dominio que no es gestionado por el propio editor, sino por otra entidad que trata los datos obtenidos a traces de las cookies.<\/li>\n<\/ol>\n<\/li>\n<\/ul>\n<ul>\n<li><strong>Seg\u00fan el plazo de tiempo que permanecen activas:<\/strong>\n<ol>\n<li>Cookies de sesi\u00f3n: Son un tipo de cookies dise\u00f1adas para recabar y almacenar datos mientras el usuario accede a una p\u00e1gina web. Expiran una vez el usuario abandona el Sitio Web.<\/li>\n<li>Cookies persistentes: Son un tipo de cookies en el que los datos sigues almacenados en el terminal y pueden ser accedidos y tratados durante un periodo de tiempo definido por el responsable de la cookie, y que puede ir de unos minutos a unos a\u00f1os.<\/li>\n<\/ol>\n<\/li>\n<li><strong>Seg\u00fan su finalidad:<\/strong>\n<ol>\n<li>Cookies t\u00e9cnicas: Permiten al usuario la navegaci\u00f3n a trav\u00e9s del Sitio Web y la utilizaci\u00f3n de sus diferentes opciones o servicios.<\/li>\n<li>Cookies de An\u00e1lisis: Permiten cuantificar el n\u00famero de usuarios y el tiempo de conexi\u00f3n de los mismos y as\u00ed realizar la medici\u00f3n y an\u00e1lisis estad\u00edstico de la utilizaci\u00f3n que hacen de los servicios ofertados con el fin de mejorar la oferta que se ofrece a los usuarios.<\/li>\n<li>Cookies de publicidad comportamental: Estas cookies almacenan informaci\u00f3n sobre el comportamiento de los usuarios, la cual ha sido obtenida a trav\u00e9s de la observaci\u00f3n y seguimiento continuado de sus h\u00e1bitos de navegaci\u00f3n.<\/li>\n<\/ol>\n<\/li>\n<\/ul>\n<p><strong>\u00bfC\u00f3mo se rechazan las cookies?<\/strong><\/p>\n<p>En cualquier momento, puedes impedir la instalaci\u00f3n de cookies en tu equipo mediante la opci\u00f3n correspondiente de su navegador (funci\u00f3n de ayuda), pero en dicho caso no podremos asegurarte el correcto funcionamiento de las distintas funcionalidades de nuestro Sitio Web.<\/p>\n<p>Aqu\u00ed dispone de los enlaces para la gesti\u00f3n y bloqueo de cookies dependiendo del navegador que utilices:<\/p>\n<p><strong>Internet Explorer:<\/strong><a href=\"http:\/\/windows.microsoft.com\/es-xl\/internet-explorer\/delete-manage-cookies#ie=ie-10\">http:\/\/windows.microsoft.com\/es-xl\/internet-explorer\/delete-manage-cookies#ie=ie-10<\/a><u>.<\/u><\/p>\n<p><strong>FireFox: <\/strong><a href=\"http:\/\/support.mozilla.org\/es\/kb\/habilitar-y-deshabilitar-cookies-que-los-sitios-we\">http:\/\/support.mozilla.org\/es\/kb\/habilitar-y-deshabilitar-cookies-que-los-sitios-we<\/a>.<\/p>\n<p><strong>Chrome: <\/strong><a href=\"https:\/\/support.google.com\/chrome\/answer\/95647?hl=es\">https:\/\/support.google.com\/chrome\/answer\/95647?hl=es<\/a>.<\/p>\n<p><strong>Safari: <\/strong><a href=\"http:\/\/www.apple.com\/es\/privacy\/use-of-cookies\/\">www.apple.com\/es\/privacy\/use-of-cookies\/<\/a>.<\/p>\n<p>Tambi\u00e9n puedes gestionar el almac\u00e9n de cookies desde otras herramientas como:<\/p>\n<p>Ghostery :<a href=\"http:\/\/www.ghostery.com\/\">www.ghostery.com<\/a>.<\/p>\n<p>Your online choices:<a href=\"http:\/\/www.youronlinechoices.com\/es\/\">www.youronlinechoices.com\/es<\/a>.<\/p>\n<p><strong>Modificaciones de la Pol\u00edtica de Cookies<\/strong><\/p>\n<p>Es posible que actualicemos la pol\u00edtica de cookies del Sitio Web debido a exigencias de la normativa aplicable en cada momento, motivos t\u00e9cnicos, cambios en los servicios ofrecidos por ANDALHOME. Por ello te recomendamos revisar esta pol\u00edtica cada vez que accedas a nuestro Sitio Web con el objetivo de estar adecuadamente informado sobre c\u00f3mo y para qu\u00e9 usamos las cookies y otras tecnolog\u00edas.<\/p>\n","protected":false},"excerpt":{"rendered":"<p>CL\u00c1USULA DE PRIVACIDAD &nbsp; ANDALHOME declara su respeto y cumplimiento de las disposiciones recogidas en el Reglamento (UE) 2016\/679 (RGPD) y en la Ley 34\/2002 de Servicios de la Sociedad de la Informaci\u00f3n y de Comercio Electr\u00f3nico declarando que se han establecido todos los medios t\u00e9cnicos para evitar la p\u00e9rdida, mal uso, alteraci\u00f3n, acceso no autorizado y robo de los [&hellip;]<\/p>\n","protected":false},"author":1,"featured_media":0,"parent":0,"menu_order":0,"comment_status":"open","ping_status":"open","template":"","meta":{"footnotes":""},"translation":{"provider":"WPGlobus","version":"2.12.2","language":"en","enabled_languages":["es","en"],"languages":{"es":{"title":true,"content":true,"excerpt":false},"en":{"title":false,"content":false,"excerpt":false}}},"yoast_head":"<!-- This site is optimized with the Yoast SEO plugin v22.1 - https:\/\/yoast.com\/wordpress\/plugins\/seo\/ -->\n<title>Politica Cookies, Clausula privacidad, Clausula LOPD, Aviso Legal &#8211; ANDALHOME<\/title>\n<meta name=\"robots\" content=\"index, follow, max-snippet:-1, max-image-preview:large, max-video-preview:-1\" \/>\n<link rel=\"canonical\" href=\"https:\/\/andalhome.com\/politica-cookies-clausula-privacidad-clausula-lopd-aviso-legal\/\" \/>\n<meta property=\"og:locale\" content=\"en_US\" \/>\n<meta property=\"og:type\" content=\"article\" \/>\n<meta property=\"og:title\" content=\"Politica Cookies, Clausula privacidad, Clausula LOPD, Aviso Legal &#8211; ANDALHOME\" \/>\n<meta property=\"og:url\" content=\"https:\/\/andalhome.com\/politica-cookies-clausula-privacidad-clausula-lopd-aviso-legal\/\" \/>\n<meta property=\"og:site_name\" content=\"ANDALHOME\" \/>\n<meta property=\"article:publisher\" content=\"http:\/\/www.facebook.com\/andalhome\" \/>\n<meta property=\"article:modified_time\" content=\"2019-01-16T11:23:28+00:00\" \/>\n<meta property=\"og:image\" content=\"https:\/\/andalhome.com\/wp-content\/uploads\/2015\/10\/ANDALHOME-el-logotipo-de-facebook.png\" \/>\n\t<meta property=\"og:image:width\" content=\"468\" \/>\n\t<meta property=\"og:image:height\" content=\"70\" \/>\n\t<meta property=\"og:image:type\" content=\"image\/png\" \/>\n<meta name=\"twitter:label1\" content=\"Est. reading time\" \/>\n\t<meta name=\"twitter:data1\" content=\"10 minutes\" \/>\n<script type=\"application\/ld+json\" class=\"yoast-schema-graph\">{\"@context\":\"https:\/\/schema.org\",\"@graph\":[{\"@type\":\"WebPage\",\"@id\":\"https:\/\/andalhome.com\/politica-cookies-clausula-privacidad-clausula-lopd-aviso-legal\/\",\"url\":\"https:\/\/andalhome.com\/politica-cookies-clausula-privacidad-clausula-lopd-aviso-legal\/\",\"name\":\"Politica Cookies, Clausula privacidad, Clausula LOPD, Aviso Legal &#8211; ANDALHOME\",\"isPartOf\":{\"@id\":\"https:\/\/andalhome.com\/#website\"},\"datePublished\":\"2013-12-13T08:27:30+00:00\",\"dateModified\":\"2019-01-16T11:23:28+00:00\",\"description\":\"The present conditions regulate the permitted use of this web page, privacy police and legal notice\",\"inLanguage\":\"en-US\",\"potentialAction\":[{\"@type\":\"ReadAction\",\"target\":[\"https:\/\/andalhome.com\/politica-cookies-clausula-privacidad-clausula-lopd-aviso-legal\/\"]}]},{\"@type\":\"WebSite\",\"@id\":\"https:\/\/andalhome.com\/#website\",\"url\":\"https:\/\/andalhome.com\/\",\"name\":\"ANDALHOME\",\"description\":\"ANDALHOME OFFERS YOU A COMPREHENSIVE REAL ESTATE SERVICE FROM PURCHASE\/RENTAL TO FINANCING AND OF COURSE ALL THE ADVICE YOU NEED\",\"publisher\":{\"@id\":\"https:\/\/andalhome.com\/#organization\"},\"potentialAction\":[{\"@type\":\"SearchAction\",\"target\":{\"@type\":\"EntryPoint\",\"urlTemplate\":\"https:\/\/andalhome.com\/?s={search_term_string}\"},\"query-input\":\"required name=search_term_string\"}],\"inLanguage\":\"en-US\"},{\"@type\":\"Organization\",\"@id\":\"https:\/\/andalhome.com\/#organization\",\"name\":\"Andalhome\",\"url\":\"https:\/\/andalhome.com\/\",\"logo\":{\"@type\":\"ImageObject\",\"inLanguage\":\"en-US\",\"@id\":\"https:\/\/andalhome.com\/#\/schema\/logo\/image\/\",\"url\":\"https:\/\/andalhome.com\/wp-content\/uploads\/2015\/10\/image003.jpg\",\"contentUrl\":\"https:\/\/andalhome.com\/wp-content\/uploads\/2015\/10\/image003.jpg\",\"width\":957,\"height\":212,\"caption\":\"Andalhome\"},\"image\":{\"@id\":\"https:\/\/andalhome.com\/#\/schema\/logo\/image\/\"},\"sameAs\":[\"http:\/\/www.facebook.com\/andalhome\"]}]}<\/script>\n<!-- \/ Yoast SEO plugin. -->","yoast_head_json":{"title":"Politica Cookies, Clausula privacidad, Clausula LOPD, Aviso Legal &#8211; ANDALHOME","robots":{"index":"index","follow":"follow","max-snippet":"max-snippet:-1","max-image-preview":"max-image-preview:large","max-video-preview":"max-video-preview:-1"},"canonical":"https:\/\/andalhome.com\/politica-cookies-clausula-privacidad-clausula-lopd-aviso-legal\/","og_locale":"en_US","og_type":"article","og_title":"Politica Cookies, Clausula privacidad, Clausula LOPD, Aviso Legal &#8211; ANDALHOME","og_url":"https:\/\/andalhome.com\/politica-cookies-clausula-privacidad-clausula-lopd-aviso-legal\/","og_site_name":"ANDALHOME","article_publisher":"http:\/\/www.facebook.com\/andalhome","article_modified_time":"2019-01-16T11:23:28+00:00","og_image":[{"width":468,"height":70,"url":"https:\/\/andalhome.com\/wp-content\/uploads\/2015\/10\/ANDALHOME-el-logotipo-de-facebook.png","type":"image\/png"}],"twitter_misc":{"Est. reading time":"10 minutes"},"schema":{"@context":"https:\/\/schema.org","@graph":[{"@type":"WebPage","@id":"https:\/\/andalhome.com\/politica-cookies-clausula-privacidad-clausula-lopd-aviso-legal\/","url":"https:\/\/andalhome.com\/politica-cookies-clausula-privacidad-clausula-lopd-aviso-legal\/","name":"Politica Cookies, Clausula privacidad, Clausula LOPD, Aviso Legal &#8211; ANDALHOME","isPartOf":{"@id":"https:\/\/andalhome.com\/#website"},"datePublished":"2013-12-13T08:27:30+00:00","dateModified":"2019-01-16T11:23:28+00:00","description":"The present conditions regulate the permitted use of this web page, privacy police and legal notice","inLanguage":"en-US","potentialAction":[{"@type":"ReadAction","target":["https:\/\/andalhome.com\/politica-cookies-clausula-privacidad-clausula-lopd-aviso-legal\/"]}]},{"@type":"WebSite","@id":"https:\/\/andalhome.com\/#website","url":"https:\/\/andalhome.com\/","name":"ANDALHOME","description":"ANDALHOME OFFERS YOU A COMPREHENSIVE REAL ESTATE SERVICE FROM PURCHASE\/RENTAL TO FINANCING AND OF COURSE ALL THE ADVICE YOU NEED","publisher":{"@id":"https:\/\/andalhome.com\/#organization"},"potentialAction":[{"@type":"SearchAction","target":{"@type":"EntryPoint","urlTemplate":"https:\/\/andalhome.com\/?s={search_term_string}"},"query-input":"required name=search_term_string"}],"inLanguage":"en-US"},{"@type":"Organization","@id":"https:\/\/andalhome.com\/#organization","name":"Andalhome","url":"https:\/\/andalhome.com\/","logo":{"@type":"ImageObject","inLanguage":"en-US","@id":"https:\/\/andalhome.com\/#\/schema\/logo\/image\/","url":"https:\/\/andalhome.com\/wp-content\/uploads\/2015\/10\/image003.jpg","contentUrl":"https:\/\/andalhome.com\/wp-content\/uploads\/2015\/10\/image003.jpg","width":957,"height":212,"caption":"Andalhome"},"image":{"@id":"https:\/\/andalhome.com\/#\/schema\/logo\/image\/"},"sameAs":["http:\/\/www.facebook.com\/andalhome"]}]}},"_links":{"self":[{"href":"https:\/\/andalhome.com\/en\/wp-json\/wp\/v2\/pages\/967"}],"collection":[{"href":"https:\/\/andalhome.com\/en\/wp-json\/wp\/v2\/pages"}],"about":[{"href":"https:\/\/andalhome.com\/en\/wp-json\/wp\/v2\/types\/page"}],"author":[{"embeddable":true,"href":"https:\/\/andalhome.com\/en\/wp-json\/wp\/v2\/users\/1"}],"replies":[{"embeddable":true,"href":"https:\/\/andalhome.com\/en\/wp-json\/wp\/v2\/comments?post=967"}],"version-history":[{"count":8,"href":"https:\/\/andalhome.com\/en\/wp-json\/wp\/v2\/pages\/967\/revisions"}],"predecessor-version":[{"id":4317,"href":"https:\/\/andalhome.com\/en\/wp-json\/wp\/v2\/pages\/967\/revisions\/4317"}],"wp:attachment":[{"href":"https:\/\/andalhome.com\/en\/wp-json\/wp\/v2\/media?parent=967"}],"curies":[{"name":"wp","href":"https:\/\/api.w.org\/{rel}","templated":true}]}}